{"id":2046,"date":"2024-06-21T19:14:45","date_gmt":"2024-06-21T19:14:45","guid":{"rendered":"https:\/\/migs.biz\/?page_id=2046"},"modified":"2025-12-11T19:52:02","modified_gmt":"2025-12-11T19:52:02","slug":"press-kit","status":"publish","type":"page","link":"https:\/\/migs.biz\/fr\/press-kit\/","title":{"rendered":"Kit m\u00e9dias"},"content":{"rendered":"<div data-elementor-type=\"wp-page\" data-elementor-id=\"2046\" class=\"elementor elementor-2046\" data-elementor-post-type=\"page\">\n\t\t\t\t<div class=\"elementor-element elementor-element-48f9ce5 e-con-full e-flex e-con e-parent\" data-id=\"48f9ce5\" data-element_type=\"container\" data-e-type=\"container\" data-settings=\"{&quot;jet_parallax_layout_list&quot;:[]}\">\n\t\t<div class=\"elementor-element elementor-element-560b000 e-flex e-con-boxed e-con e-child\" data-id=\"560b000\" data-element_type=\"container\" data-e-type=\"container\" data-settings=\"{&quot;background_background&quot;:&quot;video&quot;,&quot;background_video_link&quot;:&quot;https:\\\/\\\/youtu.be\\\/5m1g26GgOc4&quot;,&quot;background_play_on_mobile&quot;:&quot;yes&quot;,&quot;jet_parallax_layout_list&quot;:[]}\">\n\t\t\t\t\t<div class=\"e-con-inner\">\n\t\t<div class=\"elementor-background-video-container\">\n\t\t\t\t\t\t\t<div class=\"elementor-background-video-embed\" role=\"presentation\"><\/div>\n\t\t\t\t\t\t<\/div><div class=\"elementor-element elementor-element-0b14eb7 e-con-full e-flex e-con e-child\" data-id=\"0b14eb7\" data-element_type=\"container\" data-e-type=\"container\" data-settings=\"{&quot;jet_parallax_layout_list&quot;:[]}\">\n\t\t\t\t<div class=\"elementor-element elementor-element-815d426 elementor-widget__width-inherit elementor-widget-divider--view-line elementor-widget elementor-widget-divider\" data-id=\"815d426\" data-element_type=\"widget\" data-e-type=\"widget\" data-widget_type=\"divider.default\">\n\t\t\t\t<div class=\"elementor-widget-container\">\n\t\t\t\t\t\t\t<div class=\"elementor-divider\">\n\t\t\t<span class=\"elementor-divider-separator\">\n\t\t\t\t\t\t<\/span>\n\t\t<\/div>\n\t\t\t\t\t\t<\/div>\n\t\t\t\t<\/div>\n\t\t\t\t<div class=\"elementor-element elementor-element-fdb54ee elementor-widget-tablet__width-inherit elementor-widget elementor-widget-heading\" data-id=\"fdb54ee\" data-element_type=\"widget\" data-e-type=\"widget\" data-widget_type=\"heading.default\">\n\t\t\t\t<div class=\"elementor-widget-container\">\n\t\t\t\t\t<h3 class=\"elementor-heading-title elementor-size-default\">Kit m\u00e9dias<\/h3>\t\t\t\t<\/div>\n\t\t\t\t<\/div>\n\t\t\t\t<div class=\"elementor-element elementor-element-23d452b elementor-widget__width-inherit elementor-widget-divider--view-line elementor-widget elementor-widget-divider\" data-id=\"23d452b\" data-element_type=\"widget\" data-e-type=\"widget\" data-widget_type=\"divider.default\">\n\t\t\t\t<div class=\"elementor-widget-container\">\n\t\t\t\t\t\t\t<div class=\"elementor-divider\">\n\t\t\t<span class=\"elementor-divider-separator\">\n\t\t\t\t\t\t<\/span>\n\t\t<\/div>\n\t\t\t\t\t\t<\/div>\n\t\t\t\t<\/div>\n\t\t\t\t<\/div>\n\t\t\t\t\t<\/div>\n\t\t\t\t<\/div>\n\t\t\t\t<\/div>\n\t\t<div class=\"elementor-element elementor-element-f4fa789 e-flex e-con-boxed e-con e-parent\" data-id=\"f4fa789\" data-element_type=\"container\" data-e-type=\"container\" data-settings=\"{&quot;background_background&quot;:&quot;classic&quot;,&quot;jet_parallax_layout_list&quot;:[]}\">\n\t\t\t\t\t<div class=\"e-con-inner\">\n\t\t<div class=\"elementor-element elementor-element-f3f53e8 e-con-full e-flex e-con e-child\" data-id=\"f3f53e8\" data-element_type=\"container\" data-e-type=\"container\" data-settings=\"{&quot;background_background&quot;:&quot;classic&quot;,&quot;jet_parallax_layout_list&quot;:[]}\">\n\t\t\t\t<div class=\"elementor-element elementor-element-9257681 elementor-widget__width-initial elementor-widget elementor-widget-shortcode\" data-id=\"9257681\" data-element_type=\"widget\" data-e-type=\"widget\" data-widget_type=\"shortcode.default\">\n\t\t\t\t<div class=\"elementor-widget-container\">\n\t\t\t\t\t\t\t<div class=\"elementor-shortcode\">\n<table id=\"tablepress-2\" class=\"tablepress tablepress-id-2 tbody-has-connected-cells\">\n<tbody>\n<tr class=\"row-1\">\n\t<td class=\"column-1\"><strong>\u00c9v\u00e9nement :<\/strong><\/td><td class=\"column-2\">Sommet international du jeu de Montr\u00e9al (MIGS)<\/td>\n<\/tr>\n<tr class=\"row-2\">\n\t<td class=\"column-1\"><strong>Organisateur :<\/strong><\/td><td class=\"column-2\"><a href=\"https:\/\/www.laguilde.quebec\/\">La Guilde du jeu vid\u00e9o du Qu\u00e9bec<\/a> &amp; <a href=\"https:\/\/xpgaming.biz\/\">XP Gaming Inc<\/a><\/td>\n<\/tr>\n<tr class=\"row-3\">\n\t<td class=\"column-1\"><strong>Dates :<\/strong><\/td><td class=\"column-2\">Nov 11 - 12, 9 - 5pm<\/td>\n<\/tr>\n<tr class=\"row-4\">\n\t<td class=\"column-1\"><strong>Lieu :<\/strong><\/td><td class=\"column-2\">Grand Quay, 200 De la Commune St W, Montreal, Quebec H2Y 4B2<\/td>\n<\/tr>\n<tr class=\"row-5\">\n\t<td class=\"column-1\"><strong>Th\u00e8me :<\/strong><\/td><td class=\"column-2\">Les principaux d\u00e9fis et opportunit\u00e9s auxquels l'industrie est confront\u00e9e<\/td>\n<\/tr>\n<tr class=\"row-6\">\n\t<td class=\"column-1\"><strong>Description :<\/strong><\/td><td class=\"column-2\">Le plus ancien congr\u00e8s  B2B canadien consacr\u00e9 au jeu vid\u00e9o; l\u2019\u00e9v\u00e9nement vise la croissance continue de cette industrie au Qu\u00e9bec et au Canada.<\/td>\n<\/tr>\n<tr class=\"row-7\">\n\t<td class=\"column-1\"><strong>Hashtag :<\/strong><\/td><td class=\"column-2\">#MIGS25<\/td>\n<\/tr>\n<tr class=\"row-8\">\n\t<td class=\"column-1\"><strong>Format :<\/strong><\/td><td class=\"column-2\">En personne<\/td>\n<\/tr>\n<tr class=\"row-9\">\n\t<td class=\"column-1\"><strong>Fuseau horaire :<\/strong><\/td><td class=\"column-2\">GMT-5<\/td>\n<\/tr>\n<tr class=\"row-10\">\n\t<td class=\"column-1\"><strong>Types de pass et prix :<\/strong><\/td><td class=\"column-2\"><div style=\"line-height:1; margin:0;\"><strong>VIP : 1\u202f099\u202f$<\/strong><\/div><br \/>\n<div style=\"line-height:1; margin:0;\"><strong>Affaires : 699\u202f$<\/strong><\/div><br \/>\n<div style=\"line-height:1; margin:0;\"><strong>Billet Indie : 399\u202f$<\/strong><\/div><br \/>\n<div style=\"line-height:1; margin:0;\"><strong>Conf\u00e9rence : 399 $<\/strong><\/div><br \/>\n<div style=\"line-height:1.2; margin-top:4px;\"><em>Prix en dollars canadiens, taxes et frais en sus. Des rabais peuvent s\u2019appliquer au moment du paiement.<\/em><\/div><\/td>\n<\/tr>\n<tr class=\"row-11\">\n\t<td class=\"column-1\"><strong>Plateforme de rencontre :<\/strong><\/td><td class=\"column-2\">MeetToMatch<\/td>\n<\/tr>\n<tr class=\"row-12\">\n\t<td class=\"column-1\"><strong>Programmation :<\/strong><\/td><td class=\"column-2\">\u00c0 venir bient\u00f4t\u202f!<\/td>\n<\/tr>\n<tr class=\"row-13\">\n\t<td class=\"column-1\"><strong>Conf\u00e9renciers :<\/strong><\/td><td class=\"column-2\"><a href=\"https:\/\/migs.biz\/fr\/2025-speakers\/\">Conf\u00e9renciers<\/a><\/td>\n<\/tr>\n<tr class=\"row-14\">\n\t<td class=\"column-1\"><strong>Contact:<\/strong><\/td><td class=\"column-2\"><a href=\"mailto:ryan@xpgaming.biz\">Ryan Sno-Wood, Director of Communications @ XP Gaming<br> (ryan@xpgaming.biz)<\/a><\/td>\n<\/tr>\n<tr class=\"row-15\">\n\t<td colspan=\"2\" class=\"column-1\"><strong><a href=\"https:\/\/drive.google.com\/drive\/folders\/17n9tKyPEXzkq6Kt6N-40VYxpSvlkJiyj?usp=sharing\" rel=\"noopener\" target=\"_blank\">Cliquez ici pour acc\u00e9der au Google Drive<\/a> contenant tous les d\u00e9tails, logos, \u0153uvres cl\u00e9s et fichiers d'images.<\/strong><\/td>\n<\/tr>\n<\/tbody>\n<\/table>\n<!-- #tablepress-2 from cache --><\/div>\n\t\t\t\t\t\t<\/div>\n\t\t\t\t<\/div>\n\t\t<div class=\"elementor-element elementor-element-88f04eb e-con-full e-flex e-con e-child\" data-id=\"88f04eb\" data-element_type=\"container\" data-e-type=\"container\" data-settings=\"{&quot;jet_parallax_layout_list&quot;:[]}\">\n\t\t\t\t<div class=\"elementor-element elementor-element-9deabe6 elementor-widget elementor-widget-image\" data-id=\"9deabe6\" data-element_type=\"widget\" data-e-type=\"widget\" data-widget_type=\"image.default\">\n\t\t\t\t<div class=\"elementor-widget-container\">\n\t\t\t\t\t\t\t\t\t\t\t\t\t\t\t<img fetchpriority=\"high\" decoding=\"async\" width=\"800\" height=\"450\" src=\"https:\/\/migs.biz\/wp-content\/uploads\/2025\/03\/MIGS-Slab-Final-1024x576.png\" class=\"attachment-large size-large wp-image-3788\" alt=\"\" srcset=\"https:\/\/migs.biz\/wp-content\/uploads\/2025\/03\/MIGS-Slab-Final-1024x576.png 1024w, https:\/\/migs.biz\/wp-content\/uploads\/2025\/03\/MIGS-Slab-Final-300x169.png 300w, https:\/\/migs.biz\/wp-content\/uploads\/2025\/03\/MIGS-Slab-Final-768x432.png 768w, https:\/\/migs.biz\/wp-content\/uploads\/2025\/03\/MIGS-Slab-Final-1536x864.png 1536w, https:\/\/migs.biz\/wp-content\/uploads\/2025\/03\/MIGS-Slab-Final-18x10.png 18w, https:\/\/migs.biz\/wp-content\/uploads\/2025\/03\/MIGS-Slab-Final.png 1920w\" sizes=\"(max-width: 800px) 100vw, 800px\" \/>\t\t\t\t\t\t\t\t\t\t\t\t\t\t\t<\/div>\n\t\t\t\t<\/div>\n\t\t\t\t<div class=\"elementor-element elementor-element-263d60f elementor-align-center elementor-mobile-align-justify elementor-tablet-align-justify elementor-widget__width-initial elementor-widget-tablet__width-inherit elementor-widget-mobile__width-inherit elementor-widget elementor-widget-button\" data-id=\"263d60f\" data-element_type=\"widget\" data-e-type=\"widget\" data-widget_type=\"button.default\">\n\t\t\t\t<div class=\"elementor-widget-container\">\n\t\t\t\t\t\t\t\t\t<div class=\"elementor-button-wrapper\">\n\t\t\t\t\t<a class=\"elementor-button elementor-button-link elementor-size-sm\" href=\"https:\/\/drive.google.com\/drive\/folders\/17n9tKyPEXzkq6Kt6N-40VYxpSvlkJiyj?usp=sharing\">\n\t\t\t\t\t\t<span class=\"elementor-button-content-wrapper\">\n\t\t\t\t\t\t\t\t\t<span class=\"elementor-button-text\">Click here for Google Drive with all details &amp; logos<\/span>\n\t\t\t\t\t<\/span>\n\t\t\t\t\t<\/a>\n\t\t\t\t<\/div>\n\t\t\t\t\t\t\t\t<\/div>\n\t\t\t\t<\/div>\n\t\t\t\t<\/div>\n\t\t\t\t<\/div>\n\t\t\t\t\t<\/div>\n\t\t\t\t<\/div>\n\t\t\t\t<\/div>","protected":false},"excerpt":{"rendered":"<p>press Kit Click here for Google Drive with all details &amp; logos<\/p>","protected":false},"author":1,"featured_media":1889,"parent":0,"menu_order":0,"comment_status":"closed","ping_status":"closed","template":"elementor_header_footer","meta":{"_acf_changed":false,"footnotes":""},"class_list":["post-2046","page","type-page","status-publish","has-post-thumbnail","hentry"],"acf":[],"yoast_head":"<!-- This site is optimized with the Yoast SEO plugin v27.0 - https:\/\/yoast.com\/product\/yoast-seo-wordpress\/ -->\n<title>Press Kit - MIGS<\/title>\n<meta name=\"robots\" content=\"index, follow, max-snippet:-1, max-image-preview:large, max-video-preview:-1\" \/>\n<link rel=\"canonical\" href=\"https:\/\/migs.biz\/fr\/press-kit\/\" \/>\n<meta property=\"og:locale\" content=\"fr_CA\" \/>\n<meta property=\"og:type\" content=\"article\" \/>\n<meta property=\"og:title\" content=\"Press Kit - MIGS\" \/>\n<meta property=\"og:description\" content=\"press Kit Click here for Google Drive with all details &amp; logos\" \/>\n<meta property=\"og:url\" content=\"https:\/\/migs.biz\/fr\/press-kit\/\" \/>\n<meta property=\"og:site_name\" content=\"MIGS\" \/>\n<meta property=\"article:modified_time\" content=\"2025-12-11T19:52:02+00:00\" \/>\n<meta property=\"og:image\" content=\"https:\/\/migs.biz\/wp-content\/uploads\/2024\/03\/Square.png\" \/>\n\t<meta property=\"og:image:width\" content=\"1080\" \/>\n\t<meta property=\"og:image:height\" content=\"1080\" \/>\n\t<meta property=\"og:image:type\" content=\"image\/png\" \/>\n<meta name=\"twitter:card\" content=\"summary_large_image\" \/>\n<meta name=\"twitter:label1\" content=\"Estimation du temps de lecture\" \/>\n\t<meta name=\"twitter:data1\" content=\"1 minute\" \/>\n<!-- \/ Yoast SEO plugin. -->","yoast_head_json":{"title":"Press Kit - MIGS","robots":{"index":"index","follow":"follow","max-snippet":"max-snippet:-1","max-image-preview":"max-image-preview:large","max-video-preview":"max-video-preview:-1"},"canonical":"https:\/\/migs.biz\/fr\/press-kit\/","og_locale":"fr_CA","og_type":"article","og_title":"Press Kit - MIGS","og_description":"press Kit Click here for Google Drive with all details &amp; logos","og_url":"https:\/\/migs.biz\/fr\/press-kit\/","og_site_name":"MIGS","article_modified_time":"2025-12-11T19:52:02+00:00","og_image":[{"width":1080,"height":1080,"url":"https:\/\/migs.biz\/wp-content\/uploads\/2024\/03\/Square.png","type":"image\/png"}],"twitter_card":"summary_large_image","twitter_misc":{"Estimation du temps de lecture":"1 minute"},"schema":{"@context":"https:\/\/schema.org","@graph":[{"@type":"WebPage","@id":"https:\/\/migs.biz\/press-kit\/","url":"https:\/\/migs.biz\/press-kit\/","name":"Press Kit - MIGS","isPartOf":{"@id":"https:\/\/migs.biz\/fr\/#website"},"primaryImageOfPage":{"@id":"https:\/\/migs.biz\/press-kit\/#primaryimage"},"image":{"@id":"https:\/\/migs.biz\/press-kit\/#primaryimage"},"thumbnailUrl":"https:\/\/migs.biz\/wp-content\/uploads\/2024\/03\/Square.png","datePublished":"2024-06-21T19:14:45+00:00","dateModified":"2025-12-11T19:52:02+00:00","breadcrumb":{"@id":"https:\/\/migs.biz\/press-kit\/#breadcrumb"},"inLanguage":"fr-CA","potentialAction":[{"@type":"ReadAction","target":["https:\/\/migs.biz\/press-kit\/"]}]},{"@type":"ImageObject","inLanguage":"fr-CA","@id":"https:\/\/migs.biz\/press-kit\/#primaryimage","url":"https:\/\/migs.biz\/wp-content\/uploads\/2024\/03\/Square.png","contentUrl":"https:\/\/migs.biz\/wp-content\/uploads\/2024\/03\/Square.png","width":1080,"height":1080},{"@type":"BreadcrumbList","@id":"https:\/\/migs.biz\/press-kit\/#breadcrumb","itemListElement":[{"@type":"ListItem","position":1,"name":"Home","item":"https:\/\/migs.biz\/fr\/"},{"@type":"ListItem","position":2,"name":"Press Kit"}]},{"@type":"WebSite","@id":"https:\/\/migs.biz\/fr\/#website","url":"https:\/\/migs.biz\/fr\/","name":"MIGS","description":"MIGS: CANADA\u2019S OLDEST VIDEO GAME CONFERENCE","publisher":{"@id":"https:\/\/migs.biz\/fr\/#organization"},"potentialAction":[{"@type":"SearchAction","target":{"@type":"EntryPoint","urlTemplate":"https:\/\/migs.biz\/fr\/?s={search_term_string}"},"query-input":{"@type":"PropertyValueSpecification","valueRequired":true,"valueName":"search_term_string"}}],"inLanguage":"fr-CA"},{"@type":"Organization","@id":"https:\/\/migs.biz\/fr\/#organization","name":"MIGS","url":"https:\/\/migs.biz\/fr\/","logo":{"@type":"ImageObject","inLanguage":"fr-CA","@id":"https:\/\/migs.biz\/fr\/#\/schema\/logo\/image\/","url":"https:\/\/migs.biz\/wp-content\/uploads\/2025\/12\/migsclean.svg","contentUrl":"https:\/\/migs.biz\/wp-content\/uploads\/2025\/12\/migsclean.svg","width":496,"height":227,"caption":"MIGS"},"image":{"@id":"https:\/\/migs.biz\/fr\/#\/schema\/logo\/image\/"}}]}},"_links":{"self":[{"href":"https:\/\/migs.biz\/fr\/wp-json\/wp\/v2\/pages\/2046","targetHints":{"allow":["GET"]}}],"collection":[{"href":"https:\/\/migs.biz\/fr\/wp-json\/wp\/v2\/pages"}],"about":[{"href":"https:\/\/migs.biz\/fr\/wp-json\/wp\/v2\/types\/page"}],"author":[{"embeddable":true,"href":"https:\/\/migs.biz\/fr\/wp-json\/wp\/v2\/users\/1"}],"replies":[{"embeddable":true,"href":"https:\/\/migs.biz\/fr\/wp-json\/wp\/v2\/comments?post=2046"}],"version-history":[{"count":25,"href":"https:\/\/migs.biz\/fr\/wp-json\/wp\/v2\/pages\/2046\/revisions"}],"predecessor-version":[{"id":6442,"href":"https:\/\/migs.biz\/fr\/wp-json\/wp\/v2\/pages\/2046\/revisions\/6442"}],"wp:featuredmedia":[{"embeddable":true,"href":"https:\/\/migs.biz\/fr\/wp-json\/wp\/v2\/media\/1889"}],"wp:attachment":[{"href":"https:\/\/migs.biz\/fr\/wp-json\/wp\/v2\/media?parent=2046"}],"curies":[{"name":"wp","href":"https:\/\/api.w.org\/{rel}","templated":true}]}}