{"id":3968,"date":"2025-05-09T17:52:59","date_gmt":"2025-05-09T17:52:59","guid":{"rendered":"https:\/\/migs.biz\/?page_id=3968"},"modified":"2025-10-31T18:10:30","modified_gmt":"2025-10-31T18:10:30","slug":"exdev","status":"publish","type":"page","link":"https:\/\/migs.biz\/fr\/exdev\/","title":{"rendered":"ExDev"},"content":{"rendered":"<div data-elementor-type=\"wp-page\" data-elementor-id=\"3968\" class=\"elementor elementor-3968\" data-elementor-post-type=\"page\">\n\t\t\t\t<div class=\"elementor-element elementor-element-f4fa789 e-con-full e-flex e-con e-parent\" data-id=\"f4fa789\" data-element_type=\"container\" data-e-type=\"container\" data-settings=\"{&quot;background_background&quot;:&quot;classic&quot;,&quot;jet_parallax_layout_list&quot;:[]}\">\n\t\t<div class=\"elementor-element elementor-element-81f2ffc e-flex e-con-boxed e-con e-child\" data-id=\"81f2ffc\" data-element_type=\"container\" data-e-type=\"container\" data-settings=\"{&quot;jet_parallax_layout_list&quot;:[]}\">\n\t\t\t\t\t<div class=\"e-con-inner\">\n\t\t\t\t<div class=\"elementor-element elementor-element-af4deaf elementor-widget-divider--view-line elementor-widget elementor-widget-divider\" data-id=\"af4deaf\" data-element_type=\"widget\" data-e-type=\"widget\" data-widget_type=\"divider.default\">\n\t\t\t\t<div class=\"elementor-widget-container\">\n\t\t\t\t\t\t\t<div class=\"elementor-divider\">\n\t\t\t<span class=\"elementor-divider-separator\">\n\t\t\t\t\t\t<\/span>\n\t\t<\/div>\n\t\t\t\t\t\t<\/div>\n\t\t\t\t<\/div>\n\t\t<div class=\"elementor-element elementor-element-a3f0bc6 e-con-full e-flex e-con e-child\" data-id=\"a3f0bc6\" data-element_type=\"container\" data-e-type=\"container\" data-settings=\"{&quot;jet_parallax_layout_list&quot;:[]}\">\n\t\t\t\t<div class=\"elementor-element elementor-element-ac2eb25 elementor-widget__width-auto elementor-widget-tablet__width-initial elementor-widget-mobile__width-inherit elementor-widget elementor-widget-heading\" data-id=\"ac2eb25\" data-element_type=\"widget\" data-e-type=\"widget\" data-widget_type=\"heading.default\">\n\t\t\t\t<div class=\"elementor-widget-container\">\n\t\t\t\t\t<h3 class=\"elementor-heading-title elementor-size-default\">EXDEV HUB presented by<\/h3>\t\t\t\t<\/div>\n\t\t\t\t<\/div>\n\t\t\t\t<div class=\"elementor-element elementor-element-fe7600a elementor-widget-tablet__width-initial elementor-widget-mobile__width-inherit elementor-widget elementor-widget-image\" data-id=\"fe7600a\" data-element_type=\"widget\" data-e-type=\"widget\" data-widget_type=\"image.default\">\n\t\t\t\t<div class=\"elementor-widget-container\">\n\t\t\t\t\t\t\t\t\t\t\t\t\t\t\t<img decoding=\"async\" width=\"381\" height=\"118\" src=\"https:\/\/migs.biz\/wp-content\/uploads\/2025\/05\/GC-Logo-White.svg\" class=\"attachment-large size-large wp-image-3974\" alt=\"\" \/>\t\t\t\t\t\t\t\t\t\t\t\t\t\t\t<\/div>\n\t\t\t\t<\/div>\n\t\t\t\t<\/div>\n\t\t\t\t<div class=\"elementor-element elementor-element-99f3cc7 elementor-widget-divider--view-line elementor-widget elementor-widget-divider\" data-id=\"99f3cc7\" data-element_type=\"widget\" data-e-type=\"widget\" data-widget_type=\"divider.default\">\n\t\t\t\t<div class=\"elementor-widget-container\">\n\t\t\t\t\t\t\t<div class=\"elementor-divider\">\n\t\t\t<span class=\"elementor-divider-separator\">\n\t\t\t\t\t\t<\/span>\n\t\t<\/div>\n\t\t\t\t\t\t<\/div>\n\t\t\t\t<\/div>\n\t\t<div class=\"elementor-element elementor-element-9869a61 e-con-full e-flex e-con e-child\" data-id=\"9869a61\" data-element_type=\"container\" data-e-type=\"container\" data-settings=\"{&quot;background_background&quot;:&quot;classic&quot;,&quot;jet_parallax_layout_list&quot;:[]}\">\n\t\t<div class=\"elementor-element elementor-element-09eee62 e-con-full e-flex e-con e-child\" data-id=\"09eee62\" data-element_type=\"container\" data-e-type=\"container\" data-settings=\"{&quot;background_background&quot;:&quot;classic&quot;,&quot;jet_parallax_layout_list&quot;:[]}\">\n\t\t\t\t<div class=\"elementor-element elementor-element-bf7930f elementor-widget elementor-widget-heading\" data-id=\"bf7930f\" data-element_type=\"widget\" data-e-type=\"widget\" data-widget_type=\"heading.default\">\n\t\t\t\t<div class=\"elementor-widget-container\">\n\t\t\t\t\t<h2 class=\"elementor-heading-title elementor-size-default\">Le HUB ExDev au MIGS 2025<\/h2>\t\t\t\t<\/div>\n\t\t\t\t<\/div>\n\t\t\t\t<div class=\"elementor-element elementor-element-72f3f19 elementor-widget elementor-widget-text-editor\" data-id=\"72f3f19\" data-element_type=\"widget\" data-e-type=\"widget\" data-widget_type=\"text-editor.default\">\n\t\t\t\t<div class=\"elementor-widget-container\">\n\t\t\t\t\t\t\t\t\t<p style=\"text-align: left;\">Con\u00e7u pour les d\u00e9veloppeurs externes, studios de co-d\u00e9veloppement et fournisseurs de services pr\u00eats \u00e0 faire des affaires.<\/p><p style=\"text-align: left;\">Nous avons transform\u00e9 l\u2019ancien Salon ExDev en un v\u00e9ritable HUB - pens\u00e9 pour vous aider \u00e0 r\u00e9seauter avec des acheteurs, b\u00e2tir des relations et d\u00e9velopper votre entreprise.<\/p><p style=\"text-align: left;\">Situ\u00e9 au c\u0153ur du MIGS, le HUB ExDev vous offre :<\/p><ul><li style=\"text-align: left;\">Une zone d\u2019exposition premium avec un flux constant de trafic B2B<\/li><li style=\"text-align: left;\">Un salon sur mesure pour des rencontres, du matchmaking et des \u00e9changes strat\u00e9giques<\/li><li style=\"text-align: left;\">Une destination claire pour les studios et acheteurs \u00e0 la recherche de partenaires de confiance<\/li><\/ul><p style=\"text-align: left;\"><br \/>L\u2019an dernier, le MIGS a g\u00e9n\u00e9r\u00e9 32 M$ en ententes d\u00e9clar\u00e9es. Cette ann\u00e9e, plus de 200 acheteurs et 550+ entreprises sont attendus. Le HUB ExDev vous place au centre de l\u2019action\u2014avec la visibilit\u00e9, l\u2019acc\u00e8s et l\u2019environnement n\u00e9cessaires pour transformer votre pr\u00e9sence en r\u00e9sultats.<\/p><p style=\"text-align: left;\">Pr\u00e9sent\u00e9 par Game Caviar, le plus grand march\u00e9 au monde d\u00e9di\u00e9 au d\u00e9veloppement externe - r\u00e9seautant d\u00e9veloppeurs, \u00e9diteurs et fournisseurs de services \u00e0 travers 160 cat\u00e9gories, avec les outils pour \u00eatre d\u00e9couverts.<\/p><p style=\"text-align: left;\">Pr\u00eat\u00b7e \u00e0 mener la conversation?\nCommuniquez avec nous pour explorer les options d\u2019exposition et de partenariat.<\/p>\t\t\t\t\t\t\t\t<\/div>\n\t\t\t\t<\/div>\n\t\t\t\t<div class=\"elementor-element elementor-element-cff25a4 elementor-align-justify elementor-widget__width-initial elementor-tablet-align-justify elementor-mobile-align-justify elementor-widget-tablet__width-inherit elementor-widget-mobile__width-inherit elementor-widget elementor-widget-button\" data-id=\"cff25a4\" data-element_type=\"widget\" data-e-type=\"widget\" data-widget_type=\"button.default\">\n\t\t\t\t<div class=\"elementor-widget-container\">\n\t\t\t\t\t\t\t\t\t<div class=\"elementor-button-wrapper\">\n\t\t\t\t\t<a class=\"elementor-button elementor-button-link elementor-size-sm\" href=\"https:\/\/migs.biz\/fr\/exdev\/#info\">\n\t\t\t\t\t\t<span class=\"elementor-button-content-wrapper\">\n\t\t\t\t\t\t\t\t\t<span class=\"elementor-button-text\">En savoir plus<\/span>\n\t\t\t\t\t<\/span>\n\t\t\t\t\t<\/a>\n\t\t\t\t<\/div>\n\t\t\t\t\t\t\t\t<\/div>\n\t\t\t\t<\/div>\n\t\t\t\t<\/div>\n\t\t<div class=\"elementor-element elementor-element-e56cd9b e-con-full e-flex e-con e-child\" data-id=\"e56cd9b\" data-element_type=\"container\" data-e-type=\"container\" data-settings=\"{&quot;jet_parallax_layout_list&quot;:[]}\">\n\t\t<div class=\"elementor-element elementor-element-6ec15c1 e-grid e-con-full hide-plus e-con e-child\" data-id=\"6ec15c1\" data-element_type=\"container\" data-e-type=\"container\" data-settings=\"{&quot;jet_parallax_layout_list&quot;:[]}\">\n\t\t\t\t<div class=\"elementor-element elementor-element-58e2fa5 elementor-widget elementor-widget-image\" data-id=\"58e2fa5\" data-element_type=\"widget\" data-e-type=\"widget\" data-widget_type=\"image.default\">\n\t\t\t\t<div class=\"elementor-widget-container\">\n\t\t\t\t\t\t\t\t\t\t\t\t\t\t\t<img fetchpriority=\"high\" decoding=\"async\" width=\"2210\" height=\"942\" src=\"https:\/\/migs.biz\/wp-content\/uploads\/2025\/03\/MIGS2024_COCKTAIL_190-scaled-e1741206786471.jpg\" class=\"attachment-full size-full wp-image-3391\" alt=\"\" srcset=\"https:\/\/migs.biz\/wp-content\/uploads\/2025\/03\/MIGS2024_COCKTAIL_190-scaled-e1741206786471.jpg 2210w, https:\/\/migs.biz\/wp-content\/uploads\/2025\/03\/MIGS2024_COCKTAIL_190-scaled-e1741206786471-300x128.jpg 300w, https:\/\/migs.biz\/wp-content\/uploads\/2025\/03\/MIGS2024_COCKTAIL_190-scaled-e1741206786471-1024x436.jpg 1024w, https:\/\/migs.biz\/wp-content\/uploads\/2025\/03\/MIGS2024_COCKTAIL_190-scaled-e1741206786471-768x327.jpg 768w, https:\/\/migs.biz\/wp-content\/uploads\/2025\/03\/MIGS2024_COCKTAIL_190-scaled-e1741206786471-1536x655.jpg 1536w, https:\/\/migs.biz\/wp-content\/uploads\/2025\/03\/MIGS2024_COCKTAIL_190-scaled-e1741206786471-2048x873.jpg 2048w, https:\/\/migs.biz\/wp-content\/uploads\/2025\/03\/MIGS2024_COCKTAIL_190-scaled-e1741206786471-18x8.jpg 18w\" sizes=\"(max-width: 2210px) 100vw, 2210px\" \/>\t\t\t\t\t\t\t\t\t\t\t\t\t\t\t<\/div>\n\t\t\t\t<\/div>\n\t\t\t\t<div class=\"elementor-element elementor-element-0e5ae27 elementor-widget elementor-widget-image\" data-id=\"0e5ae27\" data-element_type=\"widget\" data-e-type=\"widget\" data-widget_type=\"image.default\">\n\t\t\t\t<div class=\"elementor-widget-container\">\n\t\t\t\t\t\t\t\t\t\t\t\t\t\t\t<img decoding=\"async\" width=\"800\" height=\"534\" src=\"https:\/\/migs.biz\/wp-content\/uploads\/2025\/03\/MIGS2024_JOUR-01_3026-1024x683.jpg\" class=\"attachment-large size-large wp-image-3390\" alt=\"\" srcset=\"https:\/\/migs.biz\/wp-content\/uploads\/2025\/03\/MIGS2024_JOUR-01_3026-1024x683.jpg 1024w, https:\/\/migs.biz\/wp-content\/uploads\/2025\/03\/MIGS2024_JOUR-01_3026-300x200.jpg 300w, https:\/\/migs.biz\/wp-content\/uploads\/2025\/03\/MIGS2024_JOUR-01_3026-768x512.jpg 768w, https:\/\/migs.biz\/wp-content\/uploads\/2025\/03\/MIGS2024_JOUR-01_3026-1536x1024.jpg 1536w, https:\/\/migs.biz\/wp-content\/uploads\/2025\/03\/MIGS2024_JOUR-01_3026-2048x1366.jpg 2048w, https:\/\/migs.biz\/wp-content\/uploads\/2025\/03\/MIGS2024_JOUR-01_3026-18x12.jpg 18w\" sizes=\"(max-width: 800px) 100vw, 800px\" \/>\t\t\t\t\t\t\t\t\t\t\t\t\t\t\t<\/div>\n\t\t\t\t<\/div>\n\t\t\t\t<div class=\"elementor-element elementor-element-c250dd2 elementor-widget elementor-widget-image\" data-id=\"c250dd2\" data-element_type=\"widget\" data-e-type=\"widget\" data-widget_type=\"image.default\">\n\t\t\t\t<div class=\"elementor-widget-container\">\n\t\t\t\t\t\t\t\t\t\t\t\t\t\t\t<img loading=\"lazy\" decoding=\"async\" width=\"800\" height=\"572\" src=\"https:\/\/migs.biz\/wp-content\/uploads\/2025\/03\/MIGS2024_JOUR-01_2966-scaled-e1741206811874-1024x732.jpg\" class=\"attachment-large size-large wp-image-3389\" alt=\"\" srcset=\"https:\/\/migs.biz\/wp-content\/uploads\/2025\/03\/MIGS2024_JOUR-01_2966-scaled-e1741206811874-1024x732.jpg 1024w, https:\/\/migs.biz\/wp-content\/uploads\/2025\/03\/MIGS2024_JOUR-01_2966-scaled-e1741206811874-300x215.jpg 300w, https:\/\/migs.biz\/wp-content\/uploads\/2025\/03\/MIGS2024_JOUR-01_2966-scaled-e1741206811874-768x549.jpg 768w, https:\/\/migs.biz\/wp-content\/uploads\/2025\/03\/MIGS2024_JOUR-01_2966-scaled-e1741206811874-1536x1098.jpg 1536w, https:\/\/migs.biz\/wp-content\/uploads\/2025\/03\/MIGS2024_JOUR-01_2966-scaled-e1741206811874-18x12.jpg 18w, https:\/\/migs.biz\/wp-content\/uploads\/2025\/03\/MIGS2024_JOUR-01_2966-scaled-e1741206811874.jpg 1706w\" sizes=\"(max-width: 800px) 100vw, 800px\" \/>\t\t\t\t\t\t\t\t\t\t\t\t\t\t\t<\/div>\n\t\t\t\t<\/div>\n\t\t\t\t<\/div>\n\t\t\t\t<\/div>\n\t\t\t\t<\/div>\n\t\t\t\t<div class=\"elementor-element elementor-element-1ae9675 elementor-widget elementor-widget-menu-anchor\" data-id=\"1ae9675\" data-element_type=\"widget\" data-e-type=\"widget\" data-widget_type=\"menu-anchor.default\">\n\t\t\t\t<div class=\"elementor-widget-container\">\n\t\t\t\t\t\t\t<div class=\"elementor-menu-anchor\" id=\"info\"><\/div>\n\t\t\t\t\t\t<\/div>\n\t\t\t\t<\/div>\n\t\t\t\t\t<\/div>\n\t\t\t\t<\/div>\n\t\t\t\t<\/div>\n\t\t<div class=\"elementor-element elementor-element-04dfe1a e-flex e-con-boxed e-con e-parent\" data-id=\"04dfe1a\" data-element_type=\"container\" data-e-type=\"container\" data-settings=\"{&quot;background_background&quot;:&quot;classic&quot;,&quot;jet_parallax_layout_list&quot;:[]}\">\n\t\t\t\t\t<div class=\"e-con-inner\">\n\t\t\t\t<div class=\"elementor-element elementor-element-7d355b8 elementor-widget-divider--view-line elementor-widget elementor-widget-divider\" data-id=\"7d355b8\" data-element_type=\"widget\" data-e-type=\"widget\" data-widget_type=\"divider.default\">\n\t\t\t\t<div class=\"elementor-widget-container\">\n\t\t\t\t\t\t\t<div class=\"elementor-divider\">\n\t\t\t<span class=\"elementor-divider-separator\">\n\t\t\t\t\t\t<\/span>\n\t\t<\/div>\n\t\t\t\t\t\t<\/div>\n\t\t\t\t<\/div>\n\t\t\t\t<div class=\"elementor-element elementor-element-e3569be elementor-widget__width-inherit elementor-widget-tablet__width-inherit elementor-widget-mobile__width-inherit elementor-widget elementor-widget-heading\" data-id=\"e3569be\" data-element_type=\"widget\" data-e-type=\"widget\" data-widget_type=\"heading.default\">\n\t\t\t\t<div class=\"elementor-widget-container\">\n\t\t\t\t\t<h2 class=\"elementor-heading-title elementor-size-default\">Rejoignez-nous au ExDev Hub<\/h2>\t\t\t\t<\/div>\n\t\t\t\t<\/div>\n\t\t\t\t<div class=\"elementor-element elementor-element-abd0670 elementor-widget-divider--view-line elementor-widget elementor-widget-divider\" data-id=\"abd0670\" data-element_type=\"widget\" data-e-type=\"widget\" data-widget_type=\"divider.default\">\n\t\t\t\t<div class=\"elementor-widget-container\">\n\t\t\t\t\t\t\t<div class=\"elementor-divider\">\n\t\t\t<span class=\"elementor-divider-separator\">\n\t\t\t\t\t\t<\/span>\n\t\t<\/div>\n\t\t\t\t\t\t<\/div>\n\t\t\t\t<\/div>\n\t\t<div class=\"elementor-element elementor-element-d3f1819 e-con-full e-flex e-con e-child\" data-id=\"d3f1819\" data-element_type=\"container\" data-e-type=\"container\" data-settings=\"{&quot;background_background&quot;:&quot;classic&quot;,&quot;jet_parallax_layout_list&quot;:[]}\">\n\t\t\t\t<div class=\"elementor-element elementor-element-2f28d88 elementor-widget__width-initial elementor-widget-tablet__width-inherit elementor-widget elementor-widget-image\" data-id=\"2f28d88\" data-element_type=\"widget\" data-e-type=\"widget\" data-widget_type=\"image.default\">\n\t\t\t\t<div class=\"elementor-widget-container\">\n\t\t\t\t\t\t\t\t\t\t\t\t\t\t\t\t<a href=\"https:\/\/migs.biz\/wp-content\/uploads\/2025\/05\/Francais.png\">\n\t\t\t\t\t\t\t<img loading=\"lazy\" decoding=\"async\" width=\"1920\" height=\"1080\" src=\"https:\/\/migs.biz\/wp-content\/uploads\/2025\/05\/Francais.png\" class=\"attachment-full size-full wp-image-3975\" alt=\"\" srcset=\"https:\/\/migs.biz\/wp-content\/uploads\/2025\/05\/Francais.png 1920w, https:\/\/migs.biz\/wp-content\/uploads\/2025\/05\/Francais-300x169.png 300w, https:\/\/migs.biz\/wp-content\/uploads\/2025\/05\/Francais-1024x576.png 1024w, https:\/\/migs.biz\/wp-content\/uploads\/2025\/05\/Francais-768x432.png 768w, https:\/\/migs.biz\/wp-content\/uploads\/2025\/05\/Francais-1536x864.png 1536w, https:\/\/migs.biz\/wp-content\/uploads\/2025\/05\/Francais-18x10.png 18w\" sizes=\"(max-width: 1920px) 100vw, 1920px\" \/>\t\t\t\t\t\t\t\t<\/a>\n\t\t\t\t\t\t\t\t\t\t\t\t\t\t\t<\/div>\n\t\t\t\t<\/div>\n\t\t<div class=\"elementor-element elementor-element-2d87e7a e-con-full e-flex e-con e-child\" data-id=\"2d87e7a\" data-element_type=\"container\" data-e-type=\"container\" data-settings=\"{&quot;jet_parallax_layout_list&quot;:[]}\">\n\t\t\t\t<div class=\"elementor-element elementor-element-c3b59f8 elementor-widget elementor-widget-text-editor\" data-id=\"c3b59f8\" data-element_type=\"widget\" data-e-type=\"widget\" data-widget_type=\"text-editor.default\">\n\t\t\t\t<div class=\"elementor-widget-container\">\n\t\t\t\t\t\t\t\t\t<p><span style=\"color: #e5ab35;\"><strong><span style=\"text-decoration: underline;\"><a style=\"color: #e5ab35; text-decoration: underline;\" href=\"https:\/\/www.canva.com\/design\/DAGm-fhsxQ8\/6RcnnaV7mNXdi_0YSLetPg\/view?utm_content=DAGm-fhsxQ8&amp;utm_campaign=designshare&amp;utm_medium=link2&amp;utm_source=uniquelinks&amp;utlId=h2b0e46a8de\">Cliquez pour voir et t\u00e9l\u00e9charger l'image.<\/a><\/span><\/strong><\/span><\/p>\t\t\t\t\t\t\t\t<\/div>\n\t\t\t\t<\/div>\n\t\t\t\t<div class=\"elementor-element elementor-element-2d5b5f8 elementor-widget elementor-widget-text-editor\" data-id=\"2d5b5f8\" data-element_type=\"widget\" data-e-type=\"widget\" data-widget_type=\"text-editor.default\">\n\t\t\t\t<div class=\"elementor-widget-container\">\n\t\t\t\t\t\t\t\t\t<p class=\"translation-block\">R\u00e9seautez avec les d\u00e9cideurs, talents et meneurs de l\u2019industrie.\nNos options de partenariat vous aident \u00e0 atteindre les bonnes personnes\u2014et \u00e0 g\u00e9n\u00e9rer un r\u00e9el retour sur investissement.<\/p><p>Besoin d\u2019une formule sur mesure? Construisons-la ensemble.<\/p>\t\t\t\t\t\t\t\t<\/div>\n\t\t\t\t<\/div>\n\t\t\t\t<div class=\"elementor-element elementor-element-0ac5b3c elementor-align-justify elementor-widget__width-initial elementor-tablet-align-justify elementor-mobile-align-justify elementor-widget-tablet__width-inherit elementor-widget-mobile__width-inherit elementor-widget elementor-widget-button\" data-id=\"0ac5b3c\" data-element_type=\"widget\" data-e-type=\"widget\" data-widget_type=\"button.default\">\n\t\t\t\t<div class=\"elementor-widget-container\">\n\t\t\t\t\t\t\t\t\t<div class=\"elementor-button-wrapper\">\n\t\t\t\t\t<a class=\"elementor-button elementor-button-link elementor-size-sm\" href=\"mailto:hello@xpgaming.biz?subject=MIGS25%20Partnership%20Inquiry\">\n\t\t\t\t\t\t<span class=\"elementor-button-content-wrapper\">\n\t\t\t\t\t\t\t\t\t<span class=\"elementor-button-text\">Contactez-nous<\/span>\n\t\t\t\t\t<\/span>\n\t\t\t\t\t<\/a>\n\t\t\t\t<\/div>\n\t\t\t\t\t\t\t\t<\/div>\n\t\t\t\t<\/div>\n\t\t\t\t<\/div>\n\t\t\t\t<\/div>\n\t\t\t\t\t<\/div>\n\t\t\t\t<\/div>\n\t\t\t\t<\/div>","protected":false},"excerpt":{"rendered":"<p>EXDEV HUB presented by The ExDev HUB at MIGS 2025 Built for external developers, co-dev studios, and service providers ready to do business. We\u2019ve expanded last year\u2019s ExDev Lounge into [&hellip;]<\/p>\n","protected":false},"author":1,"featured_media":3436,"parent":0,"menu_order":0,"comment_status":"closed","ping_status":"closed","template":"elementor_header_footer","meta":{"_acf_changed":false,"footnotes":""},"class_list":["post-3968","page","type-page","status-publish","has-post-thumbnail","hentry"],"acf":[],"yoast_head":"<!-- This site is optimized with the Yoast SEO plugin v27.4 - https:\/\/yoast.com\/product\/yoast-seo-wordpress\/ -->\n<title>ExDev - MIGS<\/title>\n<meta name=\"robots\" content=\"index, follow, max-snippet:-1, max-image-preview:large, max-video-preview:-1\" \/>\n<link rel=\"canonical\" href=\"https:\/\/migs.biz\/fr\/exdev\/\" \/>\n<meta property=\"og:locale\" content=\"fr_CA\" \/>\n<meta property=\"og:type\" content=\"article\" \/>\n<meta property=\"og:title\" content=\"ExDev - MIGS\" \/>\n<meta property=\"og:description\" content=\"EXDEV HUB presented by The ExDev HUB at MIGS 2025 Built for external developers, co-dev studios, and service providers ready to do business. We\u2019ve expanded last year\u2019s ExDev Lounge into [&hellip;]\" \/>\n<meta property=\"og:url\" content=\"https:\/\/migs.biz\/fr\/exdev\/\" \/>\n<meta property=\"og:site_name\" content=\"MIGS\" \/>\n<meta property=\"article:modified_time\" content=\"2025-10-31T18:10:30+00:00\" \/>\n<meta property=\"og:image\" content=\"https:\/\/migs.biz\/wp-content\/uploads\/2025\/03\/Copy-of-MIGS25-Banners-1500-x-600-px-1024x512.png\" \/>\n\t<meta property=\"og:image:width\" content=\"1024\" \/>\n\t<meta property=\"og:image:height\" content=\"512\" \/>\n\t<meta property=\"og:image:type\" content=\"image\/png\" \/>\n<meta name=\"twitter:card\" content=\"summary_large_image\" \/>\n<meta name=\"twitter:label1\" content=\"Estimation du temps de lecture\" \/>\n\t<meta name=\"twitter:data1\" content=\"2 minutes\" \/>\n<!-- \/ Yoast SEO plugin. -->","yoast_head_json":{"title":"ExDev - MIGS","robots":{"index":"index","follow":"follow","max-snippet":"max-snippet:-1","max-image-preview":"max-image-preview:large","max-video-preview":"max-video-preview:-1"},"canonical":"https:\/\/migs.biz\/fr\/exdev\/","og_locale":"fr_CA","og_type":"article","og_title":"ExDev - MIGS","og_description":"EXDEV HUB presented by The ExDev HUB at MIGS 2025 Built for external developers, co-dev studios, and service providers ready to do business. We\u2019ve expanded last year\u2019s ExDev Lounge into [&hellip;]","og_url":"https:\/\/migs.biz\/fr\/exdev\/","og_site_name":"MIGS","article_modified_time":"2025-10-31T18:10:30+00:00","og_image":[{"width":1024,"height":512,"url":"https:\/\/migs.biz\/wp-content\/uploads\/2025\/03\/Copy-of-MIGS25-Banners-1500-x-600-px-1024x512.png","type":"image\/png"}],"twitter_card":"summary_large_image","twitter_misc":{"Estimation du temps de lecture":"2 minutes"},"schema":{"@context":"https:\/\/schema.org","@graph":[{"@type":"WebPage","@id":"https:\/\/migs.biz\/fr\/exdev\/","url":"https:\/\/migs.biz\/fr\/exdev\/","name":"ExDev - MIGS","isPartOf":{"@id":"https:\/\/migs.biz\/fr\/#website"},"primaryImageOfPage":{"@id":"https:\/\/migs.biz\/fr\/exdev\/#primaryimage"},"image":{"@id":"https:\/\/migs.biz\/fr\/exdev\/#primaryimage"},"thumbnailUrl":"https:\/\/migs.biz\/wp-content\/uploads\/2025\/03\/Copy-of-MIGS25-Banners-1500-x-600-px.png","datePublished":"2025-05-09T17:52:59+00:00","dateModified":"2025-10-31T18:10:30+00:00","breadcrumb":{"@id":"https:\/\/migs.biz\/fr\/exdev\/#breadcrumb"},"inLanguage":"fr-CA","potentialAction":[{"@type":"ReadAction","target":["https:\/\/migs.biz\/fr\/exdev\/"]}]},{"@type":"ImageObject","inLanguage":"fr-CA","@id":"https:\/\/migs.biz\/fr\/exdev\/#primaryimage","url":"https:\/\/migs.biz\/wp-content\/uploads\/2025\/03\/Copy-of-MIGS25-Banners-1500-x-600-px.png","contentUrl":"https:\/\/migs.biz\/wp-content\/uploads\/2025\/03\/Copy-of-MIGS25-Banners-1500-x-600-px.png","width":2160,"height":1080},{"@type":"BreadcrumbList","@id":"https:\/\/migs.biz\/fr\/exdev\/#breadcrumb","itemListElement":[{"@type":"ListItem","position":1,"name":"Home","item":"https:\/\/migs.biz\/fr\/"},{"@type":"ListItem","position":2,"name":"ExDev"}]},{"@type":"WebSite","@id":"https:\/\/migs.biz\/fr\/#website","url":"https:\/\/migs.biz\/fr\/","name":"MIGS","description":"MIGS: CANADA\u2019S OLDEST VIDEO GAME CONFERENCE","publisher":{"@id":"https:\/\/migs.biz\/fr\/#organization"},"potentialAction":[{"@type":"SearchAction","target":{"@type":"EntryPoint","urlTemplate":"https:\/\/migs.biz\/fr\/?s={search_term_string}"},"query-input":{"@type":"PropertyValueSpecification","valueRequired":true,"valueName":"search_term_string"}}],"inLanguage":"fr-CA"},{"@type":"Organization","@id":"https:\/\/migs.biz\/fr\/#organization","name":"MIGS","url":"https:\/\/migs.biz\/fr\/","logo":{"@type":"ImageObject","inLanguage":"fr-CA","@id":"https:\/\/migs.biz\/fr\/#\/schema\/logo\/image\/","url":"https:\/\/migs.biz\/wp-content\/uploads\/2025\/12\/migsclean.svg","contentUrl":"https:\/\/migs.biz\/wp-content\/uploads\/2025\/12\/migsclean.svg","width":496,"height":227,"caption":"MIGS"},"image":{"@id":"https:\/\/migs.biz\/fr\/#\/schema\/logo\/image\/"}}]}},"_links":{"self":[{"href":"https:\/\/migs.biz\/fr\/wp-json\/wp\/v2\/pages\/3968","targetHints":{"allow":["GET"]}}],"collection":[{"href":"https:\/\/migs.biz\/fr\/wp-json\/wp\/v2\/pages"}],"about":[{"href":"https:\/\/migs.biz\/fr\/wp-json\/wp\/v2\/types\/page"}],"author":[{"embeddable":true,"href":"https:\/\/migs.biz\/fr\/wp-json\/wp\/v2\/users\/1"}],"replies":[{"embeddable":true,"href":"https:\/\/migs.biz\/fr\/wp-json\/wp\/v2\/comments?post=3968"}],"version-history":[{"count":25,"href":"https:\/\/migs.biz\/fr\/wp-json\/wp\/v2\/pages\/3968\/revisions"}],"predecessor-version":[{"id":4046,"href":"https:\/\/migs.biz\/fr\/wp-json\/wp\/v2\/pages\/3968\/revisions\/4046"}],"wp:featuredmedia":[{"embeddable":true,"href":"https:\/\/migs.biz\/fr\/wp-json\/wp\/v2\/media\/3436"}],"wp:attachment":[{"href":"https:\/\/migs.biz\/fr\/wp-json\/wp\/v2\/media?parent=3968"}],"curies":[{"name":"wp","href":"https:\/\/api.w.org\/{rel}","templated":true}]}}