{"id":4125,"date":"2025-06-20T17:42:07","date_gmt":"2025-06-20T17:42:07","guid":{"rendered":"https:\/\/migs.biz\/?page_id=4125"},"modified":"2025-10-31T18:10:31","modified_gmt":"2025-10-31T18:10:31","slug":"indie-pod","status":"publish","type":"page","link":"https:\/\/migs.biz\/fr\/indie-pod\/","title":{"rendered":"Indie Pod"},"content":{"rendered":"<div data-elementor-type=\"wp-page\" data-elementor-id=\"4125\" class=\"elementor elementor-4125\" data-elementor-post-type=\"page\">\n\t\t\t\t<div class=\"elementor-element elementor-element-79d28eb e-con-full e-flex e-con e-parent\" data-id=\"79d28eb\" data-element_type=\"container\" data-e-type=\"container\" data-settings=\"{&quot;jet_parallax_layout_list&quot;:[]}\">\n\t\t<div class=\"elementor-element elementor-element-21b970d e-flex e-con-boxed e-con e-child\" data-id=\"21b970d\" data-element_type=\"container\" data-e-type=\"container\" data-settings=\"{&quot;background_background&quot;:&quot;video&quot;,&quot;background_video_link&quot;:&quot;https:\\\/\\\/youtu.be\\\/5m1g26GgOc4&quot;,&quot;background_play_on_mobile&quot;:&quot;yes&quot;,&quot;jet_parallax_layout_list&quot;:[]}\">\n\t\t\t\t\t<div class=\"e-con-inner\">\n\t\t<div class=\"elementor-background-video-container\">\n\t\t\t\t\t\t\t<div class=\"elementor-background-video-embed\" role=\"presentation\"><\/div>\n\t\t\t\t\t\t<\/div><div class=\"elementor-element elementor-element-610c907 e-con-full e-flex e-con e-child\" data-id=\"610c907\" data-element_type=\"container\" data-e-type=\"container\" data-settings=\"{&quot;jet_parallax_layout_list&quot;:[]}\">\n\t\t\t\t<div class=\"elementor-element elementor-element-b7089fe elementor-widget__width-inherit elementor-widget-divider--view-line elementor-widget elementor-widget-divider\" data-id=\"b7089fe\" data-element_type=\"widget\" data-e-type=\"widget\" data-widget_type=\"divider.default\">\n\t\t\t\t<div class=\"elementor-widget-container\">\n\t\t\t\t\t\t\t<div class=\"elementor-divider\">\n\t\t\t<span class=\"elementor-divider-separator\">\n\t\t\t\t\t\t<\/span>\n\t\t<\/div>\n\t\t\t\t\t\t<\/div>\n\t\t\t\t<\/div>\n\t\t\t\t<div class=\"elementor-element elementor-element-ae36c6f elementor-widget-tablet__width-inherit elementor-widget elementor-widget-heading\" data-id=\"ae36c6f\" data-element_type=\"widget\" data-e-type=\"widget\" data-widget_type=\"heading.default\">\n\t\t\t\t<div class=\"elementor-widget-container\">\n\t\t\t\t\t<h3 class=\"elementor-heading-title elementor-size-default\">MIGS indie pod<\/h3>\t\t\t\t<\/div>\n\t\t\t\t<\/div>\n\t\t\t\t<div class=\"elementor-element elementor-element-205e991 elementor-widget__width-inherit elementor-widget-divider--view-line elementor-widget elementor-widget-divider\" data-id=\"205e991\" data-element_type=\"widget\" data-e-type=\"widget\" data-widget_type=\"divider.default\">\n\t\t\t\t<div class=\"elementor-widget-container\">\n\t\t\t\t\t\t\t<div class=\"elementor-divider\">\n\t\t\t<span class=\"elementor-divider-separator\">\n\t\t\t\t\t\t<\/span>\n\t\t<\/div>\n\t\t\t\t\t\t<\/div>\n\t\t\t\t<\/div>\n\t\t\t\t<\/div>\n\t\t\t\t\t<\/div>\n\t\t\t\t<\/div>\n\t\t\t\t<\/div>\n\t\t<div class=\"elementor-element elementor-element-f4fa789 e-con-full e-flex e-con e-parent\" data-id=\"f4fa789\" data-element_type=\"container\" data-e-type=\"container\" data-settings=\"{&quot;background_background&quot;:&quot;classic&quot;,&quot;jet_parallax_layout_list&quot;:[]}\">\n\t\t<div class=\"elementor-element elementor-element-81f2ffc e-flex e-con-boxed e-con e-child\" data-id=\"81f2ffc\" data-element_type=\"container\" data-e-type=\"container\" data-settings=\"{&quot;jet_parallax_layout_list&quot;:[]}\">\n\t\t\t\t\t<div class=\"e-con-inner\">\n\t\t<div class=\"elementor-element elementor-element-9869a61 e-con-full e-flex e-con e-child\" data-id=\"9869a61\" data-element_type=\"container\" data-e-type=\"container\" data-settings=\"{&quot;background_background&quot;:&quot;classic&quot;,&quot;jet_parallax_layout_list&quot;:[]}\">\n\t\t<div class=\"elementor-element elementor-element-09eee62 e-con-full e-flex e-con e-child\" data-id=\"09eee62\" data-element_type=\"container\" data-e-type=\"container\" data-settings=\"{&quot;background_background&quot;:&quot;classic&quot;,&quot;jet_parallax_layout_list&quot;:[]}\">\n\t\t\t\t<div class=\"elementor-element elementor-element-ac2eb25 elementor-widget__width-auto elementor-widget-tablet__width-inherit elementor-widget-mobile__width-inherit elementor-widget elementor-widget-heading\" data-id=\"ac2eb25\" data-element_type=\"widget\" data-e-type=\"widget\" data-widget_type=\"heading.default\">\n\t\t\t\t<div class=\"elementor-widget-container\">\n\t\t\t\t\t<h3 class=\"elementor-heading-title elementor-size-default\">R\u00e9servez votre espace. Pr\u00e9sentez votre jeu.<\/h3>\t\t\t\t<\/div>\n\t\t\t\t<\/div>\n\t\t\t\t<div class=\"elementor-element elementor-element-72f3f19 elementor-widget elementor-widget-text-editor\" data-id=\"72f3f19\" data-element_type=\"widget\" data-e-type=\"widget\" data-widget_type=\"text-editor.default\">\n\t\t\t\t<div class=\"elementor-widget-container\">\n\t\t\t\t\t\t\t\t\t<p style=\"text-align: left;\">Votre Indie Pod vous offre un espace personnalis\u00e9 pour faire des d\u00e9mos, tenir des rencontres et cr\u00e9er de l\u2019int\u00e9r\u00eat sur le plancher du MIGS.<\/p><h5 style=\"text-align: left;\"><span style=\"color: #e5ab35;\">Ce qui est inclus :*<\/span><\/h5><ul><li style=\"text-align: left;\">Un kiosque professionnel dans l\u2019Indie Zone du MIGS<\/li><li style=\"text-align: left;\">Un panneau en vinyle \u00e0 votre image, avec le visuel de votre jeu (impression incluse)<\/li><li style=\"text-align: left;\">Deux Billets Affaires avec acc\u00e8s complet \u00e0 l\u2019\u00e9v\u00e9nement<\/li><li style=\"text-align: left;\"><em>*Optionnel : location d\u2019un moniteur 43\" (600\u202f$)<\/em><\/li><\/ul><h5 style=\"text-align: left;\"><span style=\"color: #e5ab35;\">Vos billets vous donnent acc\u00e8s \u00e0 :<\/span><\/h5><ul><li style=\"text-align: left;\"><span style=\"color: #e5ab35;\">Salon d\u2019Affaires propuls\u00e9 par MeetToMatch :<\/span> Planifiez vos rencontres \u00e0 l\u2019avance et r\u00e9seautez avec les \u00e9diteurs, investisseurs et partenaires cl\u00e9s pour votre studio.<\/li><li style=\"text-align: left;\"><span style=\"color: #e5ab35;\">MIGS Indie Pitch:<\/span> Rejoignez-nous sur la sc\u00e8ne principale pour assister \u00e0 des pr\u00e9sentations en direct de studios ind\u00e9pendants \u00e0 des \u00e9diteurs de premier plan et apprendre ce qui fait une bonne pr\u00e9sentation !<\/li><li style=\"text-align: left;\"><span style=\"color: #e5ab35;\">Zone Indie :<\/span> Explorez les jeux ind\u00e9pendants les plus r\u00e9cents et \u00e9changez avec leurs cr\u00e9ateurs provenant du monde entier.<\/li><li style=\"text-align: left;\"><span style=\"color: #e5ab35;\">Acc\u00e8s complet aux conf\u00e9rences :<\/span> Obtenez des strat\u00e9gies concr\u00e8tes gr\u00e2ce aux classes de ma\u00eetre et tables rondes dirig\u00e9s par des experts.<\/li><li style=\"text-align: left;\"><span style=\"color: #e5ab35;\">Salon d\u2019exposition :<\/span> D\u00e9couvrez les outils, services et technologies de pointe.<\/li><\/ul><p style=\"text-align: left;\">Les Indie Pods sont exclusivement r\u00e9serv\u00e9s aux studios ind\u00e9pendants de d\u00e9veloppement de jeux.<\/p><p style=\"text-align: left;\">XP Gaming et La Guilde se r\u00e9servent le droit d\u2019examiner tous les achats et peuvent annuler ou rembourser toute commande ne r\u00e9pondant pas aux crit\u00e8res d\u2019admissibilit\u00e9.<\/p>\t\t\t\t\t\t\t\t<\/div>\n\t\t\t\t<\/div>\n\t\t\t\t<div class=\"elementor-element elementor-element-04c0886 modal elementor-widget elementor-widget-html\" data-id=\"04c0886\" data-element_type=\"widget\" data-e-type=\"widget\" data-widget_type=\"html.default\">\n\t\t\t\t<div class=\"elementor-widget-container\">\n\t\t\t\t\t<button id=\"eventbrite-widget-modal-trigger-1272694346049\" type=\"button\"><span class=\"elementor-button-text\">R\u00e9servez<\/span><\/button>\t\t\t\t<\/div>\n\t\t\t\t<\/div>\n\t\t\t\t<\/div>\n\t\t<div class=\"elementor-element elementor-element-6ec15c1 e-grid e-con-full hide-plus e-con e-child\" data-id=\"6ec15c1\" data-element_type=\"container\" data-e-type=\"container\" data-settings=\"{&quot;jet_parallax_layout_list&quot;:[]}\">\n\t\t\t\t<div class=\"elementor-element elementor-element-58e2fa5 elementor-widget elementor-widget-image\" data-id=\"58e2fa5\" data-element_type=\"widget\" data-e-type=\"widget\" data-widget_type=\"image.default\">\n\t\t\t\t<div class=\"elementor-widget-container\">\n\t\t\t\t\t\t\t\t\t\t\t\t\t\t\t<img fetchpriority=\"high\" decoding=\"async\" width=\"2402\" height=\"1305\" src=\"https:\/\/migs.biz\/wp-content\/uploads\/2025\/03\/MIGS2024_JOUR02_453-scaled-e1741225344206.jpg\" class=\"attachment-full size-full wp-image-3412\" alt=\"\" srcset=\"https:\/\/migs.biz\/wp-content\/uploads\/2025\/03\/MIGS2024_JOUR02_453-scaled-e1741225344206.jpg 2402w, https:\/\/migs.biz\/wp-content\/uploads\/2025\/03\/MIGS2024_JOUR02_453-scaled-e1741225344206-300x163.jpg 300w, https:\/\/migs.biz\/wp-content\/uploads\/2025\/03\/MIGS2024_JOUR02_453-scaled-e1741225344206-1024x556.jpg 1024w, https:\/\/migs.biz\/wp-content\/uploads\/2025\/03\/MIGS2024_JOUR02_453-scaled-e1741225344206-768x417.jpg 768w, https:\/\/migs.biz\/wp-content\/uploads\/2025\/03\/MIGS2024_JOUR02_453-scaled-e1741225344206-1536x835.jpg 1536w, https:\/\/migs.biz\/wp-content\/uploads\/2025\/03\/MIGS2024_JOUR02_453-scaled-e1741225344206-2048x1113.jpg 2048w, https:\/\/migs.biz\/wp-content\/uploads\/2025\/03\/MIGS2024_JOUR02_453-scaled-e1741225344206-18x10.jpg 18w\" sizes=\"(max-width: 2402px) 100vw, 2402px\" \/>\t\t\t\t\t\t\t\t\t\t\t\t\t\t\t<\/div>\n\t\t\t\t<\/div>\n\t\t\t\t<div class=\"elementor-element elementor-element-c250dd2 elementor-widget elementor-widget-image\" data-id=\"c250dd2\" data-element_type=\"widget\" data-e-type=\"widget\" data-widget_type=\"image.default\">\n\t\t\t\t<div class=\"elementor-widget-container\">\n\t\t\t\t\t\t\t\t\t\t\t\t\t\t\t<img decoding=\"async\" width=\"800\" height=\"882\" src=\"https:\/\/migs.biz\/wp-content\/uploads\/2025\/07\/MIGS25-Indie-Pod-980-x-1080-px-FR.png\" class=\"attachment-large size-large wp-image-4394\" alt=\"\" srcset=\"https:\/\/migs.biz\/wp-content\/uploads\/2025\/07\/MIGS25-Indie-Pod-980-x-1080-px-FR.png 980w, https:\/\/migs.biz\/wp-content\/uploads\/2025\/07\/MIGS25-Indie-Pod-980-x-1080-px-FR-272x300.png 272w, https:\/\/migs.biz\/wp-content\/uploads\/2025\/07\/MIGS25-Indie-Pod-980-x-1080-px-FR-929x1024.png 929w, https:\/\/migs.biz\/wp-content\/uploads\/2025\/07\/MIGS25-Indie-Pod-980-x-1080-px-FR-768x846.png 768w, https:\/\/migs.biz\/wp-content\/uploads\/2025\/07\/MIGS25-Indie-Pod-980-x-1080-px-FR-11x12.png 11w\" sizes=\"(max-width: 800px) 100vw, 800px\" \/>\t\t\t\t\t\t\t\t\t\t\t\t\t\t\t<\/div>\n\t\t\t\t<\/div>\n\t\t\t\t<div class=\"elementor-element elementor-element-0e5ae27 elementor-widget elementor-widget-image\" data-id=\"0e5ae27\" data-element_type=\"widget\" data-e-type=\"widget\" data-widget_type=\"image.default\">\n\t\t\t\t<div class=\"elementor-widget-container\">\n\t\t\t\t\t\t\t\t\t\t\t\t\t\t\t<img decoding=\"async\" width=\"800\" height=\"534\" src=\"https:\/\/migs.biz\/wp-content\/uploads\/2025\/03\/MIGS2024_JOUR-01_3612-1024x683.jpg\" class=\"attachment-large size-large wp-image-3411\" alt=\"\" srcset=\"https:\/\/migs.biz\/wp-content\/uploads\/2025\/03\/MIGS2024_JOUR-01_3612-1024x683.jpg 1024w, https:\/\/migs.biz\/wp-content\/uploads\/2025\/03\/MIGS2024_JOUR-01_3612-300x200.jpg 300w, https:\/\/migs.biz\/wp-content\/uploads\/2025\/03\/MIGS2024_JOUR-01_3612-768x512.jpg 768w, https:\/\/migs.biz\/wp-content\/uploads\/2025\/03\/MIGS2024_JOUR-01_3612-1536x1024.jpg 1536w, https:\/\/migs.biz\/wp-content\/uploads\/2025\/03\/MIGS2024_JOUR-01_3612-2048x1366.jpg 2048w, https:\/\/migs.biz\/wp-content\/uploads\/2025\/03\/MIGS2024_JOUR-01_3612-18x12.jpg 18w\" sizes=\"(max-width: 800px) 100vw, 800px\" \/>\t\t\t\t\t\t\t\t\t\t\t\t\t\t\t<\/div>\n\t\t\t\t<\/div>\n\t\t\t\t<\/div>\n\t\t\t\t<\/div>\n\t\t\t\t\t<\/div>\n\t\t\t\t<\/div>\n\t\t\t\t<\/div>\n\t\t<div class=\"elementor-element elementor-element-afb56a6 e-flex e-con-boxed e-con e-parent\" data-id=\"afb56a6\" data-element_type=\"container\" data-e-type=\"container\" data-settings=\"{&quot;jet_parallax_layout_list&quot;:[]}\">\n\t\t\t\t\t<div class=\"e-con-inner\">\n\t\t\t\t<div class=\"elementor-element elementor-element-4a371a1 migs-button elementor-hidden-desktop elementor-hidden-tablet elementor-hidden-mobile elementor-widget elementor-widget-shortcode\" data-id=\"4a371a1\" data-element_type=\"widget\" data-e-type=\"widget\" data-widget_type=\"shortcode.default\">\n\t\t\t\t<div class=\"elementor-widget-container\">\n\t\t\t\t\t\t\t<div class=\"elementor-shortcode\"><button id=\"eventbrite-widget-modal-trigger-1272694346049\" type=\"button\">BUY TICKETS<\/button><\/div>\n\t\t\t\t\t\t<\/div>\n\t\t\t\t<\/div>\n\t\t\t\t\t<\/div>\n\t\t\t\t<\/div>\n\t\t\t\t<\/div>","protected":false},"excerpt":{"rendered":"<p>Your Indie Pod is your basecamp. Show your game, anchor your presence at MIGS, and make critical connections with publishers, funders, and collaborators who can help you secure deals, get feedback, and grow your studio.<\/p>","protected":false},"author":1,"featured_media":3436,"parent":0,"menu_order":0,"comment_status":"closed","ping_status":"closed","template":"elementor_header_footer","meta":{"_acf_changed":false,"footnotes":""},"class_list":["post-4125","page","type-page","status-publish","has-post-thumbnail","hentry"],"acf":[],"yoast_head":"<!-- This site is optimized with the Yoast SEO plugin v27.4 - https:\/\/yoast.com\/product\/yoast-seo-wordpress\/ -->\n<title>Indie Pod - MIGS<\/title>\n<meta name=\"description\" content=\"Your Indie Pod is your basecamp. Show your game, anchor your presence at MIGS, and make critical connections with publishers, funders, and collaborators who can help you secure deals, get feedback, and grow your studio.\" \/>\n<meta name=\"robots\" content=\"index, follow, max-snippet:-1, max-image-preview:large, max-video-preview:-1\" \/>\n<link rel=\"canonical\" href=\"https:\/\/migs.biz\/fr\/indie-pod\/\" \/>\n<meta property=\"og:locale\" content=\"fr_CA\" \/>\n<meta property=\"og:type\" content=\"article\" \/>\n<meta property=\"og:title\" content=\"Indie Pod - MIGS\" \/>\n<meta property=\"og:description\" content=\"Your Indie Pod is your basecamp. Show your game, anchor your presence at MIGS, and make critical connections with publishers, funders, and collaborators who can help you secure deals, get feedback, and grow your studio.\" \/>\n<meta property=\"og:url\" content=\"https:\/\/migs.biz\/fr\/indie-pod\/\" \/>\n<meta property=\"og:site_name\" content=\"MIGS\" \/>\n<meta property=\"article:modified_time\" content=\"2025-10-31T18:10:31+00:00\" \/>\n<meta property=\"og:image\" content=\"https:\/\/migs.biz\/wp-content\/uploads\/2025\/03\/Copy-of-MIGS25-Banners-1500-x-600-px-1024x512.png\" \/>\n\t<meta property=\"og:image:width\" content=\"1024\" \/>\n\t<meta property=\"og:image:height\" content=\"512\" \/>\n\t<meta property=\"og:image:type\" content=\"image\/png\" \/>\n<meta name=\"twitter:card\" content=\"summary_large_image\" \/>\n<meta name=\"twitter:label1\" content=\"Estimation du temps de lecture\" \/>\n\t<meta name=\"twitter:data1\" content=\"2 minutes\" \/>\n<!-- \/ Yoast SEO plugin. -->","yoast_head_json":{"title":"Indie Pod - MIGS","description":"Your Indie Pod is your basecamp. Show your game, anchor your presence at MIGS, and make critical connections with publishers, funders, and collaborators who can help you secure deals, get feedback, and grow your studio.","robots":{"index":"index","follow":"follow","max-snippet":"max-snippet:-1","max-image-preview":"max-image-preview:large","max-video-preview":"max-video-preview:-1"},"canonical":"https:\/\/migs.biz\/fr\/indie-pod\/","og_locale":"fr_CA","og_type":"article","og_title":"Indie Pod - MIGS","og_description":"Your Indie Pod is your basecamp. Show your game, anchor your presence at MIGS, and make critical connections with publishers, funders, and collaborators who can help you secure deals, get feedback, and grow your studio.","og_url":"https:\/\/migs.biz\/fr\/indie-pod\/","og_site_name":"MIGS","article_modified_time":"2025-10-31T18:10:31+00:00","og_image":[{"width":1024,"height":512,"url":"https:\/\/migs.biz\/wp-content\/uploads\/2025\/03\/Copy-of-MIGS25-Banners-1500-x-600-px-1024x512.png","type":"image\/png"}],"twitter_card":"summary_large_image","twitter_misc":{"Estimation du temps de lecture":"2 minutes"},"schema":{"@context":"https:\/\/schema.org","@graph":[{"@type":"WebPage","@id":"https:\/\/migs.biz\/en\/indie-pod\/","url":"https:\/\/migs.biz\/en\/indie-pod\/","name":"Indie Pod - MIGS","isPartOf":{"@id":"https:\/\/migs.biz\/fr\/#website"},"primaryImageOfPage":{"@id":"https:\/\/migs.biz\/en\/indie-pod\/#primaryimage"},"image":{"@id":"https:\/\/migs.biz\/en\/indie-pod\/#primaryimage"},"thumbnailUrl":"https:\/\/migs.biz\/wp-content\/uploads\/2025\/03\/Copy-of-MIGS25-Banners-1500-x-600-px.png","datePublished":"2025-06-20T17:42:07+00:00","dateModified":"2025-10-31T18:10:31+00:00","description":"Your Indie Pod is your basecamp. Show your game, anchor your presence at MIGS, and make critical connections with publishers, funders, and collaborators who can help you secure deals, get feedback, and grow your studio.","breadcrumb":{"@id":"https:\/\/migs.biz\/en\/indie-pod\/#breadcrumb"},"inLanguage":"fr-CA","potentialAction":[{"@type":"ReadAction","target":["https:\/\/migs.biz\/en\/indie-pod\/"]}]},{"@type":"ImageObject","inLanguage":"fr-CA","@id":"https:\/\/migs.biz\/en\/indie-pod\/#primaryimage","url":"https:\/\/migs.biz\/wp-content\/uploads\/2025\/03\/Copy-of-MIGS25-Banners-1500-x-600-px.png","contentUrl":"https:\/\/migs.biz\/wp-content\/uploads\/2025\/03\/Copy-of-MIGS25-Banners-1500-x-600-px.png","width":2160,"height":1080},{"@type":"BreadcrumbList","@id":"https:\/\/migs.biz\/en\/indie-pod\/#breadcrumb","itemListElement":[{"@type":"ListItem","position":1,"name":"Home","item":"https:\/\/migs.biz\/fr\/"},{"@type":"ListItem","position":2,"name":"Indie Pod"}]},{"@type":"WebSite","@id":"https:\/\/migs.biz\/fr\/#website","url":"https:\/\/migs.biz\/fr\/","name":"MIGS","description":"MIGS: CANADA\u2019S OLDEST VIDEO GAME CONFERENCE","publisher":{"@id":"https:\/\/migs.biz\/fr\/#organization"},"potentialAction":[{"@type":"SearchAction","target":{"@type":"EntryPoint","urlTemplate":"https:\/\/migs.biz\/fr\/?s={search_term_string}"},"query-input":{"@type":"PropertyValueSpecification","valueRequired":true,"valueName":"search_term_string"}}],"inLanguage":"fr-CA"},{"@type":"Organization","@id":"https:\/\/migs.biz\/fr\/#organization","name":"MIGS","url":"https:\/\/migs.biz\/fr\/","logo":{"@type":"ImageObject","inLanguage":"fr-CA","@id":"https:\/\/migs.biz\/fr\/#\/schema\/logo\/image\/","url":"https:\/\/migs.biz\/wp-content\/uploads\/2025\/12\/migsclean.svg","contentUrl":"https:\/\/migs.biz\/wp-content\/uploads\/2025\/12\/migsclean.svg","width":496,"height":227,"caption":"MIGS"},"image":{"@id":"https:\/\/migs.biz\/fr\/#\/schema\/logo\/image\/"}}]}},"_links":{"self":[{"href":"https:\/\/migs.biz\/fr\/wp-json\/wp\/v2\/pages\/4125","targetHints":{"allow":["GET"]}}],"collection":[{"href":"https:\/\/migs.biz\/fr\/wp-json\/wp\/v2\/pages"}],"about":[{"href":"https:\/\/migs.biz\/fr\/wp-json\/wp\/v2\/types\/page"}],"author":[{"embeddable":true,"href":"https:\/\/migs.biz\/fr\/wp-json\/wp\/v2\/users\/1"}],"replies":[{"embeddable":true,"href":"https:\/\/migs.biz\/fr\/wp-json\/wp\/v2\/comments?post=4125"}],"version-history":[{"count":25,"href":"https:\/\/migs.biz\/fr\/wp-json\/wp\/v2\/pages\/4125\/revisions"}],"predecessor-version":[{"id":4618,"href":"https:\/\/migs.biz\/fr\/wp-json\/wp\/v2\/pages\/4125\/revisions\/4618"}],"wp:featuredmedia":[{"embeddable":true,"href":"https:\/\/migs.biz\/fr\/wp-json\/wp\/v2\/media\/3436"}],"wp:attachment":[{"href":"https:\/\/migs.biz\/fr\/wp-json\/wp\/v2\/media?parent=4125"}],"curies":[{"name":"wp","href":"https:\/\/api.w.org\/{rel}","templated":true}]}}