{"id":6089,"date":"2025-11-04T17:19:03","date_gmt":"2025-11-04T17:19:03","guid":{"rendered":"https:\/\/migs.biz\/?page_id=6089"},"modified":"2025-11-04T18:52:39","modified_gmt":"2025-11-04T18:52:39","slug":"xbox-discovery-day-migs","status":"publish","type":"page","link":"https:\/\/migs.biz\/fr\/xbox-discovery-day-migs\/","title":{"rendered":"Journ\u00e9e D\u00e9couverte Xbox @ MIGS"},"content":{"rendered":"<div data-elementor-type=\"wp-page\" data-elementor-id=\"6089\" class=\"elementor elementor-6089\" data-elementor-post-type=\"page\">\n\t\t\t\t<div class=\"elementor-element elementor-element-2efe64e e-flex e-con-boxed e-con e-parent\" data-id=\"2efe64e\" data-element_type=\"container\" data-e-type=\"container\" data-settings=\"{&quot;background_background&quot;:&quot;classic&quot;,&quot;jet_parallax_layout_list&quot;:[]}\">\n\t\t\t\t\t<div class=\"e-con-inner\">\n\t\t\t\t<div class=\"elementor-element elementor-element-82c1e45 elementor-widget elementor-widget-image\" data-id=\"82c1e45\" data-element_type=\"widget\" data-e-type=\"widget\" data-widget_type=\"image.default\">\n\t\t\t\t<div class=\"elementor-widget-container\">\n\t\t\t\t\t\t\t\t\t\t\t\t\t\t\t<img fetchpriority=\"high\" decoding=\"async\" width=\"2560\" height=\"1440\" src=\"https:\/\/migs.biz\/wp-content\/uploads\/2025\/11\/ID@Xbox_Youtube_Banner_Center-1.png\" class=\"attachment-full size-full wp-image-6091\" alt=\"\" srcset=\"https:\/\/migs.biz\/wp-content\/uploads\/2025\/11\/ID@Xbox_Youtube_Banner_Center-1.png 2560w, https:\/\/migs.biz\/wp-content\/uploads\/2025\/11\/ID@Xbox_Youtube_Banner_Center-1-300x169.png 300w, https:\/\/migs.biz\/wp-content\/uploads\/2025\/11\/ID@Xbox_Youtube_Banner_Center-1-1024x576.png 1024w, https:\/\/migs.biz\/wp-content\/uploads\/2025\/11\/ID@Xbox_Youtube_Banner_Center-1-768x432.png 768w, https:\/\/migs.biz\/wp-content\/uploads\/2025\/11\/ID@Xbox_Youtube_Banner_Center-1-1536x864.png 1536w, https:\/\/migs.biz\/wp-content\/uploads\/2025\/11\/ID@Xbox_Youtube_Banner_Center-1-2048x1152.png 2048w, https:\/\/migs.biz\/wp-content\/uploads\/2025\/11\/ID@Xbox_Youtube_Banner_Center-1-18x10.png 18w\" sizes=\"(max-width: 2560px) 100vw, 2560px\" \/>\t\t\t\t\t\t\t\t\t\t\t\t\t\t\t<\/div>\n\t\t\t\t<\/div>\n\t\t<div class=\"elementor-element elementor-element-5281b07 e-con-full e-flex e-con e-child\" data-id=\"5281b07\" data-element_type=\"container\" data-e-type=\"container\" data-settings=\"{&quot;jet_parallax_layout_list&quot;:[]}\">\n\t\t\t\t<div class=\"elementor-element elementor-element-c496ee6 elementor-widget elementor-widget-text-editor\" data-id=\"c496ee6\" data-element_type=\"widget\" data-e-type=\"widget\" data-widget_type=\"text-editor.default\">\n\t\t\t\t<div class=\"elementor-widget-container\">\n\t\t\t\t\t\t\t\t\t<h2 style=\"text-align: center;\"><span style=\"color: #e5ab35;\"><b>Journ\u00e9e D\u00e9couverte Xbox @ MIGS<\/b><\/span><\/h2><p><span style=\"font-weight: 400;\">Inscrivez-vous \u00e0 la Journ\u00e9e D\u00e9couverte Xbox au MIGS !<\/span><\/p><p><span style=\"font-weight: 400;\">Participez \u00e0 la Journ\u00e9e D\u00e9couverte Xbox avec ID@Xbox, pr\u00e9sent\u00e9e dans le cadre du Sommet international du jeu de Montr\u00e9al (MIGS) le 12 novembre 2025.\nJoignez-vous \u00e0 l\u2019\u00e9quipe d\u2019ID@Xbox pour un apr\u00e8s-midi d\u2019apprentissage sur les objectifs du programme, les meilleures pratiques de d\u00e9veloppement sur les plateformes Xbox et les fa\u00e7ons dont ID@Xbox peut soutenir votre parcours. Que vous d\u00e9couvriez la publication sur Xbox ou que vous soyez d\u00e9j\u00e0 partenaire \u00e0 la recherche d\u2019une mise \u00e0 jour strat\u00e9gique, cette activit\u00e9 est pour vous!<\/span><\/p><ul><li><span style=\"color: #e5ab35;\"><strong>Date :<\/strong><\/span> Mercredi 12 novembre 2025<\/li><li><span style=\"color: #e5ab35;\"><strong>Heure : <\/strong><\/span><span style=\"font-weight: 400;\">13 h \u00e0 16 h (accueil \u00e0 partir de 12 h 30)<\/span><\/li><li><span style=\"color: #e5ab35;\"><strong>Lieu : <\/strong><\/span>Grand Quai (Centre du Port) 200, rue de la Commune Ouest, Montr\u00e9al (QC) H2Y 0B8<\/li><\/ul><p>\u00a0<\/p><p style=\"text-align: center;\"><b>Inscrivez-vous d\u00e8s maintenant!<br \/><\/b><b><i>Les places sont limit\u00e9es \u2014 un billet MIGS est requis pour acc\u00e9der \u00e0 l\u2019\u00e9v\u00e9nement.<\/i><\/b><\/p>\t\t\t\t\t\t\t\t<\/div>\n\t\t\t\t<\/div>\n\t\t\t\t<\/div>\n\t\t\t\t<div class=\"elementor-element elementor-element-4489763 elementor-align-center elementor-tablet-align-center elementor-mobile-align-justify elementor-widget__width-initial elementor-widget-mobile__width-inherit elementor-widget-tablet__width-inherit elementor-widget elementor-widget-button\" data-id=\"4489763\" data-element_type=\"widget\" data-e-type=\"widget\" data-widget_type=\"button.default\">\n\t\t\t\t<div class=\"elementor-widget-container\">\n\t\t\t\t\t\t\t\t\t<div class=\"elementor-button-wrapper\">\n\t\t\t\t\t<a class=\"elementor-button elementor-button-link elementor-size-sm\" href=\"https:\/\/assets-usa.mkt.dynamics.com\/501f2ccf-8d28-4b89-87ca-c76e0a5141e8\/digitalassets\/standaloneforms\/05d1d46c-a1ae-f011-bbd3-6045bdd632b3?readableEventId=Discovery_Davys_at_MIGS2485746919\">\n\t\t\t\t\t\t<span class=\"elementor-button-content-wrapper\">\n\t\t\t\t\t\t\t\t\t<span class=\"elementor-button-text\">Billetterie<\/span>\n\t\t\t\t\t<\/span>\n\t\t\t\t\t<\/a>\n\t\t\t\t<\/div>\n\t\t\t\t\t\t\t\t<\/div>\n\t\t\t\t<\/div>\n\t\t<div class=\"elementor-element elementor-element-998e524 e-con-full e-flex e-con e-child\" data-id=\"998e524\" data-element_type=\"container\" data-e-type=\"container\" data-settings=\"{&quot;jet_parallax_layout_list&quot;:[]}\">\n\t\t\t\t<div class=\"elementor-element elementor-element-4d38363 elementor-widget elementor-widget-text-editor\" data-id=\"4d38363\" data-element_type=\"widget\" data-e-type=\"widget\" data-widget_type=\"text-editor.default\">\n\t\t\t\t<div class=\"elementor-widget-container\">\n\t\t\t\t\t\t\t\t\t<h2 style=\"text-align: center;\"><span style=\"color: #e5ab35;\"><b>S\u00e9ances vedettes :<\/b><\/span><\/h2>\n<h5><a href=\"https:\/\/migs.biz\/fr\/sessions\/building-for-xbox-play-anywhere-and-the-new-era-of-handhelds\/\"><b>D\u00e9velopper pour Xbox Play Anywhere et la nouvelle \u00e8re du jeu portable<\/b><\/a><\/h5>\n<span style=\"color: #e5ab35;\"><i><span style=\"font-weight: 400;\">Nick Landry, Chef de produit principal, Relations avec les d\u00e9veloppeurs, Microsoft<\/span><\/i><\/span><i><span style=\"font-weight: 400;\"><br>\n<\/span><\/i><span style=\"font-weight: 400;\">Alors que Xbox s\u2019\u00e9tend sur console, PC, infonuagique et appareils portatifs, les studios ont une occasion unique de rejoindre plus de joueurs que jamais. Cette s\u00e9ance expliquera comment cr\u00e9er et optimiser des jeux pour Xbox Play Anywhere et la nouvelle g\u00e9n\u00e9ration d\u2019appareils Windows portatifs, dont la ROG Xbox Ally et l\u2019Ally X. D\u00e9couvrez les meilleures pratiques en mati\u00e8re de droits partag\u00e9s, de progression crois\u00e9e et de flexibilit\u00e9 des commandes, ainsi que la fa\u00e7on d\u2019utiliser le Microsoft GDK pour offrir une exp\u00e9rience fluide sur toutes les plateformes.<\/span><br><br>\n<h5><a href=\"https:\/\/migs.biz\/fr\/sessions\/finding-success-with-idxbox-getting-started-and-partnership-programs\/\"><b>R\u00e9ussir avec ID@Xbox : D\u00e9marrage et programmes de partenariat<\/b><\/a><\/h5>\n<span style=\"color: #e5ab35;\"><i><span style=\"font-weight: 400;\">Chlo\u00e9 Giusti, Responsable r\u00e9gionale, ID@Xbox Am\u00e9riques, Microsoft<\/span><\/i><\/span><span style=\"font-weight: 400;\"><br>\n<\/span><span style=\"font-weight: 400;\">D\u00e9couvrez comment lancer votre jeu sur Xbox gr\u00e2ce au programme ID@Xbox. Cette pr\u00e9sentation abordera les \u00e9tapes pour publier votre jeu sur les plateformes Xbox, les possibilit\u00e9s de partenariat et les strat\u00e9gies concr\u00e8tes pour assurer un lancement r\u00e9ussi.<\/span><br><br>\n<h5><a href=\"https:\/\/migs.biz\/fr\/sessions\/maximizing-results-on-xbox-platforms\/\"><b>Maximizing Results on Xbox Platforms<\/b><\/a><\/h5>\n<span style=\"color: #e5ab35;\"><i><span style=\"font-weight: 400;\">Chlo\u00e9 Giusti, Responsable r\u00e9gionale, ID@Xbox Am\u00e9riques, Microsoft<\/span><\/i><\/span><i><span style=\"font-weight: 400;\"><br>\n<\/span><\/i><span style=\"font-weight: 400;\">Apprenez comment l\u2019\u00e9volution de l\u2019\u00e9cosyst\u00e8me Xbox ouvre de nouvelles occasions pour les d\u00e9veloppeurs, \u00e9diteurs et studios ind\u00e9pendants. Cette s\u00e9ance couvrira des conseils pratiques en marketing : les strat\u00e9gies de tarification, les outils pour am\u00e9liorer la d\u00e9couvrabilit\u00e9 et les fa\u00e7ons d\u2019accro\u00eetre la visibilit\u00e9 avant et apr\u00e8s le lancement.<\/span>\n<br><br>\n<hr style=\"color: #e5ab35;\" \/>\n\n&nbsp;\n<p style=\"text-align: center;\"><span style=\"font-weight: 400;\">Vous n\u2019avez pas besoin d\u2019\u00eatre d\u00e9j\u00e0 inscrit au programme ID@Xbox pour participer, mais nous vous encourageons fortement \u00e0 vous inscrire [ici] afin d\u2019acc\u00e9der \u00e0 des ressources et \u00e0 du soutien suppl\u00e9mentaires pour votre parcours de d\u00e9veloppement.\n<br><br>\nR\u00e9servez votre place d\u00e8s aujourd\u2019hui. Les places sont limit\u00e9es et attribu\u00e9es selon l\u2019ordre d\u2019inscription.<\/span><\/p>\t\t\t\t\t\t\t\t<\/div>\n\t\t\t\t<\/div>\n\t\t\t\t<div class=\"elementor-element elementor-element-8acea34 elementor-align-center elementor-tablet-align-center elementor-mobile-align-justify elementor-widget__width-initial elementor-widget-mobile__width-inherit elementor-widget-tablet__width-inherit elementor-widget elementor-widget-button\" data-id=\"8acea34\" data-element_type=\"widget\" data-e-type=\"widget\" data-widget_type=\"button.default\">\n\t\t\t\t<div class=\"elementor-widget-container\">\n\t\t\t\t\t\t\t\t\t<div class=\"elementor-button-wrapper\">\n\t\t\t\t\t<a class=\"elementor-button elementor-button-link elementor-size-sm\" href=\"https:\/\/assets-usa.mkt.dynamics.com\/501f2ccf-8d28-4b89-87ca-c76e0a5141e8\/digitalassets\/standaloneforms\/05d1d46c-a1ae-f011-bbd3-6045bdd632b3?readableEventId=Discovery_Davys_at_MIGS2485746919\">\n\t\t\t\t\t\t<span class=\"elementor-button-content-wrapper\">\n\t\t\t\t\t\t\t\t\t<span class=\"elementor-button-text\">Billetterie<\/span>\n\t\t\t\t\t<\/span>\n\t\t\t\t\t<\/a>\n\t\t\t\t<\/div>\n\t\t\t\t\t\t\t\t<\/div>\n\t\t\t\t<\/div>\n\t\t\t\t<\/div>\n\t\t\t\t\t<\/div>\n\t\t\t\t<\/div>\n\t\t\t\t<\/div>","protected":false},"excerpt":{"rendered":"<p>Participez \u00e0 la Journ\u00e9e D\u00e9couverte Xbox avec ID@Xbox, pr\u00e9sent\u00e9e dans le cadre du Sommet international du jeu de Montr\u00e9al (MIGS) le 12 novembre 2025.\nJoignez-vous \u00e0 l\u2019\u00e9quipe d\u2019ID@Xbox pour un apr\u00e8s-midi d\u2019apprentissage sur les objectifs du programme, les meilleures pratiques de d\u00e9veloppement sur les plateformes Xbox et les fa\u00e7ons dont ID@Xbox peut soutenir votre parcours. Que vous d\u00e9couvriez la publication sur Xbox ou que vous soyez d\u00e9j\u00e0 partenaire \u00e0 la recherche d\u2019une mise \u00e0 jour strat\u00e9gique, cette activit\u00e9 est pour vous!<\/p>","protected":false},"author":1,"featured_media":6091,"parent":0,"menu_order":0,"comment_status":"closed","ping_status":"closed","template":"elementor_header_footer","meta":{"_acf_changed":false,"footnotes":""},"class_list":["post-6089","page","type-page","status-publish","has-post-thumbnail","hentry"],"acf":[],"yoast_head":"<!-- This site is optimized with the Yoast SEO plugin v27.4 - https:\/\/yoast.com\/product\/yoast-seo-wordpress\/ -->\n<title>Xbox Discovery Day @ MIGS - MIGS<\/title>\n<meta name=\"description\" content=\"Join ID@Xbox at the Montreal International Game Summit (MIGS) on November 12, 2025\u2014for Xbox Discovery Day\u2014an afternoon with the ID@Xbox team to learn about our program goals, best practices for developing on Xbox platforms, and discover how ID@Xbox supports you. Whether you are unfamiliar with publishing for Xbox or are an existing partner looking for a current strategy and engagement update, this is for you!\" \/>\n<meta name=\"robots\" content=\"index, follow, max-snippet:-1, max-image-preview:large, max-video-preview:-1\" \/>\n<link rel=\"canonical\" href=\"https:\/\/migs.biz\/fr\/xbox-discovery-day-migs\/\" \/>\n<meta property=\"og:locale\" content=\"fr_CA\" \/>\n<meta property=\"og:type\" content=\"article\" \/>\n<meta property=\"og:title\" content=\"Xbox Discovery Day @ MIGS - MIGS\" \/>\n<meta property=\"og:description\" content=\"Join ID@Xbox at the Montreal International Game Summit (MIGS) on November 12, 2025\u2014for Xbox Discovery Day\u2014an afternoon with the ID@Xbox team to learn about our program goals, best practices for developing on Xbox platforms, and discover how ID@Xbox supports you. Whether you are unfamiliar with publishing for Xbox or are an existing partner looking for a current strategy and engagement update, this is for you!\" \/>\n<meta property=\"og:url\" content=\"https:\/\/migs.biz\/fr\/xbox-discovery-day-migs\/\" \/>\n<meta property=\"og:site_name\" content=\"MIGS\" \/>\n<meta property=\"article:modified_time\" content=\"2025-11-04T18:52:39+00:00\" \/>\n<meta property=\"og:image\" content=\"https:\/\/migs.biz\/wp-content\/uploads\/2025\/11\/ID@Xbox_Youtube_Banner_Center-1.png\" \/>\n\t<meta property=\"og:image:width\" content=\"2560\" \/>\n\t<meta property=\"og:image:height\" content=\"1440\" \/>\n\t<meta property=\"og:image:type\" content=\"image\/png\" \/>\n<meta name=\"twitter:card\" content=\"summary_large_image\" \/>\n<meta name=\"twitter:label1\" content=\"Estimation du temps de lecture\" \/>\n\t<meta name=\"twitter:data1\" content=\"3 minutes\" \/>\n<!-- \/ Yoast SEO plugin. -->","yoast_head_json":{"title":"Xbox Discovery Day @ MIGS - MIGS","description":"Participez \u00e0 la Journ\u00e9e D\u00e9couverte Xbox avec ID@Xbox, pr\u00e9sent\u00e9e dans le cadre du Sommet international du jeu de Montr\u00e9al (MIGS) le 12 novembre 2025.\nJoignez-vous \u00e0 l\u2019\u00e9quipe d\u2019ID@Xbox pour un apr\u00e8s-midi d\u2019apprentissage sur les objectifs du programme, les meilleures pratiques de d\u00e9veloppement sur les plateformes Xbox et les fa\u00e7ons dont ID@Xbox peut soutenir votre parcours. Que vous d\u00e9couvriez la publication sur Xbox ou que vous soyez d\u00e9j\u00e0 partenaire \u00e0 la recherche d\u2019une mise \u00e0 jour strat\u00e9gique, cette activit\u00e9 est pour vous!","robots":{"index":"index","follow":"follow","max-snippet":"max-snippet:-1","max-image-preview":"max-image-preview:large","max-video-preview":"max-video-preview:-1"},"canonical":"https:\/\/migs.biz\/fr\/xbox-discovery-day-migs\/","og_locale":"fr_CA","og_type":"article","og_title":"Xbox Discovery Day @ MIGS - MIGS","og_description":"Join ID@Xbox at the Montreal International Game Summit (MIGS) on November 12, 2025\u2014for Xbox Discovery Day\u2014an afternoon with the ID@Xbox team to learn about our program goals, best practices for developing on Xbox platforms, and discover how ID@Xbox supports you. Whether you are unfamiliar with publishing for Xbox or are an existing partner looking for a current strategy and engagement update, this is for you!","og_url":"https:\/\/migs.biz\/fr\/xbox-discovery-day-migs\/","og_site_name":"MIGS","article_modified_time":"2025-11-04T18:52:39+00:00","og_image":[{"width":2560,"height":1440,"url":"https:\/\/migs.biz\/wp-content\/uploads\/2025\/11\/ID@Xbox_Youtube_Banner_Center-1.png","type":"image\/png"}],"twitter_card":"summary_large_image","twitter_misc":{"Estimation du temps de lecture":"3 minutes"},"schema":{"@context":"https:\/\/schema.org","@graph":[{"@type":"WebPage","@id":"https:\/\/migs.biz\/en\/xbox-discovery-day-migs\/","url":"https:\/\/migs.biz\/en\/xbox-discovery-day-migs\/","name":"Xbox Discovery Day @ MIGS - MIGS","isPartOf":{"@id":"https:\/\/migs.biz\/fr\/#website"},"primaryImageOfPage":{"@id":"https:\/\/migs.biz\/en\/xbox-discovery-day-migs\/#primaryimage"},"image":{"@id":"https:\/\/migs.biz\/en\/xbox-discovery-day-migs\/#primaryimage"},"thumbnailUrl":"https:\/\/migs.biz\/wp-content\/uploads\/2025\/11\/ID@Xbox_Youtube_Banner_Center-1.png","datePublished":"2025-11-04T17:19:03+00:00","dateModified":"2025-11-04T18:52:39+00:00","description":"Participez \u00e0 la Journ\u00e9e D\u00e9couverte Xbox avec ID@Xbox, pr\u00e9sent\u00e9e dans le cadre du Sommet international du jeu de Montr\u00e9al (MIGS) le 12 novembre 2025.\nJoignez-vous \u00e0 l\u2019\u00e9quipe d\u2019ID@Xbox pour un apr\u00e8s-midi d\u2019apprentissage sur les objectifs du programme, les meilleures pratiques de d\u00e9veloppement sur les plateformes Xbox et les fa\u00e7ons dont ID@Xbox peut soutenir votre parcours. Que vous d\u00e9couvriez la publication sur Xbox ou que vous soyez d\u00e9j\u00e0 partenaire \u00e0 la recherche d\u2019une mise \u00e0 jour strat\u00e9gique, cette activit\u00e9 est pour vous!","breadcrumb":{"@id":"https:\/\/migs.biz\/en\/xbox-discovery-day-migs\/#breadcrumb"},"inLanguage":"fr-CA","potentialAction":[{"@type":"ReadAction","target":["https:\/\/migs.biz\/en\/xbox-discovery-day-migs\/"]}]},{"@type":"ImageObject","inLanguage":"fr-CA","@id":"https:\/\/migs.biz\/en\/xbox-discovery-day-migs\/#primaryimage","url":"https:\/\/migs.biz\/wp-content\/uploads\/2025\/11\/ID@Xbox_Youtube_Banner_Center-1.png","contentUrl":"https:\/\/migs.biz\/wp-content\/uploads\/2025\/11\/ID@Xbox_Youtube_Banner_Center-1.png","width":2560,"height":1440},{"@type":"BreadcrumbList","@id":"https:\/\/migs.biz\/en\/xbox-discovery-day-migs\/#breadcrumb","itemListElement":[{"@type":"ListItem","position":1,"name":"Home","item":"https:\/\/migs.biz\/fr\/"},{"@type":"ListItem","position":2,"name":"Xbox Discovery Day @ MIGS"}]},{"@type":"WebSite","@id":"https:\/\/migs.biz\/fr\/#website","url":"https:\/\/migs.biz\/fr\/","name":"MIGS","description":"MIGS: CANADA\u2019S OLDEST VIDEO GAME CONFERENCE","publisher":{"@id":"https:\/\/migs.biz\/fr\/#organization"},"potentialAction":[{"@type":"SearchAction","target":{"@type":"EntryPoint","urlTemplate":"https:\/\/migs.biz\/fr\/?s={search_term_string}"},"query-input":{"@type":"PropertyValueSpecification","valueRequired":true,"valueName":"search_term_string"}}],"inLanguage":"fr-CA"},{"@type":"Organization","@id":"https:\/\/migs.biz\/fr\/#organization","name":"MIGS","url":"https:\/\/migs.biz\/fr\/","logo":{"@type":"ImageObject","inLanguage":"fr-CA","@id":"https:\/\/migs.biz\/fr\/#\/schema\/logo\/image\/","url":"https:\/\/migs.biz\/wp-content\/uploads\/2025\/12\/migsclean.svg","contentUrl":"https:\/\/migs.biz\/wp-content\/uploads\/2025\/12\/migsclean.svg","width":496,"height":227,"caption":"MIGS"},"image":{"@id":"https:\/\/migs.biz\/fr\/#\/schema\/logo\/image\/"}}]}},"_links":{"self":[{"href":"https:\/\/migs.biz\/fr\/wp-json\/wp\/v2\/pages\/6089","targetHints":{"allow":["GET"]}}],"collection":[{"href":"https:\/\/migs.biz\/fr\/wp-json\/wp\/v2\/pages"}],"about":[{"href":"https:\/\/migs.biz\/fr\/wp-json\/wp\/v2\/types\/page"}],"author":[{"embeddable":true,"href":"https:\/\/migs.biz\/fr\/wp-json\/wp\/v2\/users\/1"}],"replies":[{"embeddable":true,"href":"https:\/\/migs.biz\/fr\/wp-json\/wp\/v2\/comments?post=6089"}],"version-history":[{"count":27,"href":"https:\/\/migs.biz\/fr\/wp-json\/wp\/v2\/pages\/6089\/revisions"}],"predecessor-version":[{"id":6152,"href":"https:\/\/migs.biz\/fr\/wp-json\/wp\/v2\/pages\/6089\/revisions\/6152"}],"wp:featuredmedia":[{"embeddable":true,"href":"https:\/\/migs.biz\/fr\/wp-json\/wp\/v2\/media\/6091"}],"wp:attachment":[{"href":"https:\/\/migs.biz\/fr\/wp-json\/wp\/v2\/media?parent=6089"}],"curies":[{"name":"wp","href":"https:\/\/api.w.org\/{rel}","templated":true}]}}