{"id":6357,"date":"2025-11-10T18:49:54","date_gmt":"2025-11-10T18:49:54","guid":{"rendered":"https:\/\/migs.biz\/?page_id=6357"},"modified":"2025-11-10T19:44:39","modified_gmt":"2025-11-10T19:44:39","slug":"2025-exhibitors-indies","status":"publish","type":"page","link":"https:\/\/migs.biz\/fr\/2025-exhibitors-indies\/","title":{"rendered":"2025 exposants et ind\u00e9pendants"},"content":{"rendered":"\t\t<div data-elementor-type=\"wp-page\" data-elementor-id=\"6357\" class=\"elementor elementor-6357\" data-elementor-post-type=\"page\">\n\t\t\t\t<div class=\"elementor-element elementor-element-234164d e-flex e-con-boxed e-con e-child\" data-id=\"234164d\" data-element_type=\"container\" data-e-type=\"container\" data-settings=\"{&quot;background_background&quot;:&quot;classic&quot;,&quot;jet_parallax_layout_list&quot;:[]}\">\n\t\t\t\t\t<div class=\"e-con-inner\">\n\t\t<div class=\"elementor-element elementor-element-570021b e-con-full e-flex e-con e-child\" data-id=\"570021b\" data-element_type=\"container\" data-e-type=\"container\" data-settings=\"{&quot;background_background&quot;:&quot;classic&quot;,&quot;background_motion_fx_translateY_effect&quot;:&quot;yes&quot;,&quot;background_motion_fx_motion_fx_scrolling&quot;:&quot;yes&quot;,&quot;background_motion_fx_translateY_speed&quot;:{&quot;unit&quot;:&quot;px&quot;,&quot;size&quot;:4,&quot;sizes&quot;:[]},&quot;background_motion_fx_translateY_affectedRange&quot;:{&quot;unit&quot;:&quot;%&quot;,&quot;size&quot;:&quot;&quot;,&quot;sizes&quot;:{&quot;start&quot;:0,&quot;end&quot;:100}},&quot;background_motion_fx_devices&quot;:[&quot;desktop&quot;,&quot;tablet&quot;,&quot;mobile&quot;],&quot;jet_parallax_layout_list&quot;:[]}\">\n\t\t<div class=\"elementor-element elementor-element-6ecea23 e-con-full e-flex e-con e-child\" data-id=\"6ecea23\" data-element_type=\"container\" data-e-type=\"container\" data-settings=\"{&quot;background_background&quot;:&quot;classic&quot;,&quot;jet_parallax_layout_list&quot;:[]}\">\n\t\t\t\t<div class=\"elementor-element elementor-element-6e130cc elementor-widget-tablet__width-inherit elementor-widget__width-initial elementor-widget elementor-widget-heading\" data-id=\"6e130cc\" data-element_type=\"widget\" data-e-type=\"widget\" data-widget_type=\"heading.default\">\n\t\t\t\t<div class=\"elementor-widget-container\">\n\t\t\t\t\t<h3 class=\"elementor-heading-title elementor-size-default\">2025 exhibitors &amp; indies<\/h3>\t\t\t\t<\/div>\n\t\t\t\t<\/div>\n\t\t\t\t<\/div>\n\t\t\t\t<\/div>\n\t\t\t\t\t<\/div>\n\t\t\t\t<\/div>\n\t\t<div class=\"elementor-element elementor-element-f0b0afe e-flex e-con-boxed e-con e-parent\" data-id=\"f0b0afe\" data-element_type=\"container\" data-e-type=\"container\" data-settings=\"{&quot;background_background&quot;:&quot;classic&quot;,&quot;jet_parallax_layout_list&quot;:[]}\">\n\t\t\t\t\t<div class=\"e-con-inner\">\n\t\t\t\t<div class=\"elementor-element elementor-element-cbf0912 elementor-widget elementor-widget-html\" data-id=\"cbf0912\" data-element_type=\"widget\" data-e-type=\"widget\" data-widget_type=\"html.default\">\n\t\t\t\t<div class=\"elementor-widget-container\">\n\t\t\t\t\t<iframe src=\"https:\/\/migs.biz\/wp-content\/uploads\/2025\/11\/Floorplan-Web-1.pdf\" width=\"100%\" height=\"600px\"><\/iframe>\n\t\t\t\t<\/div>\n\t\t\t\t<\/div>\n\t\t\t\t\t<\/div>\n\t\t\t\t<\/div>\n\t\t\t\t<\/div>\n\t\t","protected":false},"excerpt":{"rendered":"<p>Pr\u00eat \u00e0 apprendre des cerveaux les plus brillants du d\u00e9veloppement de jeux? <\/p>\n<p>MIGS25 returns with more stages, more speakers, and more opportunities to grow your business and career.<\/p>","protected":false},"author":4,"featured_media":3436,"parent":0,"menu_order":0,"comment_status":"closed","ping_status":"closed","template":"elementor_header_footer","meta":{"_acf_changed":false,"footnotes":""},"class_list":["post-6357","page","type-page","status-publish","has-post-thumbnail","hentry"],"acf":[],"yoast_head":"<!-- This site is optimized with the Yoast SEO plugin v27.0 - https:\/\/yoast.com\/product\/yoast-seo-wordpress\/ -->\n<title>2025 Exhibitors &amp; Indies - MIGS<\/title>\n<meta name=\"description\" content=\"MIGS welcomes international game developers, publishers, service providers, external development buyers, and investors from across the video game industry \u2013 including:\" \/>\n<meta name=\"robots\" content=\"index, follow, max-snippet:-1, max-image-preview:large, max-video-preview:-1\" \/>\n<link rel=\"canonical\" href=\"https:\/\/migs.biz\/fr\/2025-exhibitors-indies\/\" \/>\n<meta property=\"og:locale\" content=\"fr_CA\" \/>\n<meta property=\"og:type\" content=\"article\" \/>\n<meta property=\"og:title\" content=\"2025 Exhibitors &amp; Indies - MIGS\" \/>\n<meta property=\"og:description\" content=\"MIGS welcomes international game developers, publishers, service providers, external development buyers, and investors from across the video game industry \u2013 including:\" \/>\n<meta property=\"og:url\" content=\"https:\/\/migs.biz\/fr\/2025-exhibitors-indies\/\" \/>\n<meta property=\"og:site_name\" content=\"MIGS\" \/>\n<meta property=\"article:modified_time\" content=\"2025-11-10T19:44:39+00:00\" \/>\n<meta property=\"og:image\" content=\"https:\/\/migs.biz\/wp-content\/uploads\/2025\/03\/Copy-of-MIGS25-Banners-1500-x-600-px-1024x512.png\" \/>\n\t<meta property=\"og:image:width\" content=\"1024\" \/>\n\t<meta property=\"og:image:height\" content=\"512\" \/>\n\t<meta property=\"og:image:type\" content=\"image\/png\" \/>\n<meta name=\"twitter:card\" content=\"summary_large_image\" \/>\n<meta name=\"twitter:label1\" content=\"Estimation du temps de lecture\" \/>\n\t<meta name=\"twitter:data1\" content=\"1 minute\" \/>\n<!-- \/ Yoast SEO plugin. -->","yoast_head_json":{"title":"2025 Exhibitors & Indies - MIGS","description":"MIGS welcomes international game developers, publishers, service providers, external development buyers, and investors from across the video game industry \u2013 including:","robots":{"index":"index","follow":"follow","max-snippet":"max-snippet:-1","max-image-preview":"max-image-preview:large","max-video-preview":"max-video-preview:-1"},"canonical":"https:\/\/migs.biz\/fr\/2025-exhibitors-indies\/","og_locale":"fr_CA","og_type":"article","og_title":"2025 Exhibitors & Indies - MIGS","og_description":"MIGS welcomes international game developers, publishers, service providers, external development buyers, and investors from across the video game industry \u2013 including:","og_url":"https:\/\/migs.biz\/fr\/2025-exhibitors-indies\/","og_site_name":"MIGS","article_modified_time":"2025-11-10T19:44:39+00:00","og_image":[{"width":1024,"height":512,"url":"https:\/\/migs.biz\/wp-content\/uploads\/2025\/03\/Copy-of-MIGS25-Banners-1500-x-600-px-1024x512.png","type":"image\/png"}],"twitter_card":"summary_large_image","twitter_misc":{"Estimation du temps de lecture":"1 minute"},"schema":{"@context":"https:\/\/schema.org","@graph":[{"@type":"WebPage","@id":"https:\/\/migs.biz\/fr\/2025-exhibitors-indies\/","url":"https:\/\/migs.biz\/fr\/2025-exhibitors-indies\/","name":"2025 Exhibitors & Indies - MIGS","isPartOf":{"@id":"https:\/\/migs.biz\/fr\/#website"},"primaryImageOfPage":{"@id":"https:\/\/migs.biz\/fr\/2025-exhibitors-indies\/#primaryimage"},"image":{"@id":"https:\/\/migs.biz\/fr\/2025-exhibitors-indies\/#primaryimage"},"thumbnailUrl":"https:\/\/migs.biz\/wp-content\/uploads\/2025\/03\/Copy-of-MIGS25-Banners-1500-x-600-px.png","datePublished":"2025-11-10T18:49:54+00:00","dateModified":"2025-11-10T19:44:39+00:00","description":"MIGS welcomes international game developers, publishers, service providers, external development buyers, and investors from across the video game industry \u2013 including:","breadcrumb":{"@id":"https:\/\/migs.biz\/fr\/2025-exhibitors-indies\/#breadcrumb"},"inLanguage":"fr-CA","potentialAction":[{"@type":"ReadAction","target":["https:\/\/migs.biz\/fr\/2025-exhibitors-indies\/"]}]},{"@type":"ImageObject","inLanguage":"fr-CA","@id":"https:\/\/migs.biz\/fr\/2025-exhibitors-indies\/#primaryimage","url":"https:\/\/migs.biz\/wp-content\/uploads\/2025\/03\/Copy-of-MIGS25-Banners-1500-x-600-px.png","contentUrl":"https:\/\/migs.biz\/wp-content\/uploads\/2025\/03\/Copy-of-MIGS25-Banners-1500-x-600-px.png","width":2160,"height":1080},{"@type":"BreadcrumbList","@id":"https:\/\/migs.biz\/fr\/2025-exhibitors-indies\/#breadcrumb","itemListElement":[{"@type":"ListItem","position":1,"name":"Home","item":"https:\/\/migs.biz\/fr\/"},{"@type":"ListItem","position":2,"name":"2025 Exhibitors &#038; Indies"}]},{"@type":"WebSite","@id":"https:\/\/migs.biz\/fr\/#website","url":"https:\/\/migs.biz\/fr\/","name":"MIGS","description":"MIGS: CANADA\u2019S OLDEST VIDEO GAME CONFERENCE","publisher":{"@id":"https:\/\/migs.biz\/fr\/#organization"},"potentialAction":[{"@type":"SearchAction","target":{"@type":"EntryPoint","urlTemplate":"https:\/\/migs.biz\/fr\/?s={search_term_string}"},"query-input":{"@type":"PropertyValueSpecification","valueRequired":true,"valueName":"search_term_string"}}],"inLanguage":"fr-CA"},{"@type":"Organization","@id":"https:\/\/migs.biz\/fr\/#organization","name":"MIGS","url":"https:\/\/migs.biz\/fr\/","logo":{"@type":"ImageObject","inLanguage":"fr-CA","@id":"https:\/\/migs.biz\/fr\/#\/schema\/logo\/image\/","url":"https:\/\/migs.biz\/wp-content\/uploads\/2025\/12\/migsclean.svg","contentUrl":"https:\/\/migs.biz\/wp-content\/uploads\/2025\/12\/migsclean.svg","width":496,"height":227,"caption":"MIGS"},"image":{"@id":"https:\/\/migs.biz\/fr\/#\/schema\/logo\/image\/"}}]}},"_links":{"self":[{"href":"https:\/\/migs.biz\/fr\/wp-json\/wp\/v2\/pages\/6357","targetHints":{"allow":["GET"]}}],"collection":[{"href":"https:\/\/migs.biz\/fr\/wp-json\/wp\/v2\/pages"}],"about":[{"href":"https:\/\/migs.biz\/fr\/wp-json\/wp\/v2\/types\/page"}],"author":[{"embeddable":true,"href":"https:\/\/migs.biz\/fr\/wp-json\/wp\/v2\/users\/4"}],"replies":[{"embeddable":true,"href":"https:\/\/migs.biz\/fr\/wp-json\/wp\/v2\/comments?post=6357"}],"version-history":[{"count":8,"href":"https:\/\/migs.biz\/fr\/wp-json\/wp\/v2\/pages\/6357\/revisions"}],"predecessor-version":[{"id":6386,"href":"https:\/\/migs.biz\/fr\/wp-json\/wp\/v2\/pages\/6357\/revisions\/6386"}],"wp:featuredmedia":[{"embeddable":true,"href":"https:\/\/migs.biz\/fr\/wp-json\/wp\/v2\/media\/3436"}],"wp:attachment":[{"href":"https:\/\/migs.biz\/fr\/wp-json\/wp\/v2\/media?parent=6357"}],"curies":[{"name":"wp","href":"https:\/\/api.w.org\/{rel}","templated":true}]}}